{"id":4245,"date":"2022-06-20T11:57:56","date_gmt":"2022-06-20T09:57:56","guid":{"rendered":"https:\/\/client.jc-gien.fr\/domaine-bel-air\/?page_id=4245"},"modified":"2022-09-13T09:13:14","modified_gmt":"2022-09-13T07:13:14","slug":"nos-actualites","status":"publish","type":"page","link":"https:\/\/dombelair.com\/fr\/nos-actualites\/","title":{"rendered":"Nos actualit\u00e9s"},"content":{"rendered":"\n<div class=\"accueil-interne class-parallax bloc-animation-jcg\" style=\"background-image: url(https:\/\/dombelair.com\/fr\/wp-content\/uploads\/2022\/03\/Domaine-bel-air-parcelle-vigne-brouilly-gorges-loup-scaled.jpg);  background-attachment:fixed;  \">\n  <div class=\"bloc-contenu\n         hauteur-normal        \">\n\n                \n          \n            <div class=\"contenu\n             typo-grand                                    \" \n            style=\"text-align:center; vertical-align:middle;\"\n            >\n\n            <div class=\"wrapper-grand\" >                              \n\n              <a class=\"filtre\" style=\"background-color:rgba(179,153,111,0.9);\"\n                 \n              >\n                                  <h2 style=\"color: #fff;\">Nos actualit\u00e9s<\/h2>\n                                                  <div class=\"descriptif\" style=\"color: #fff;\"><p>Actualit\u00e9s du domaine, id\u00e9es recettes, conseils de d\u00e9gustations,<\/p>\n<p>d\u00e9couvrez les recommandations du Domaine de bel-Air<\/p>\n<\/div>\n                              <\/a>\n\n              <\/div>\n              \n            <\/div>\n\n          \n          \n          \n                      \n    <\/div>\n<\/div>\n\n  <div class=\"bloc-texte bloc-animation-jcg hauteur-normal typo-normal\" style=\"\n    background-color: #fff;\n    text-align:center;\n    \">\n      <div class=\"wrapper-normal\">          \n        <h2 style=\"color: #b3996f;\">Aucune actualit\u00e9 disponible pour le moment<\/h2>\n          <div class=\"descriptif\" style=\"color: #888888; column-count: 1;\">\n            <p>Revenez vite pour d\u00e9couvrir les actualit\u00e9s du Domaine de Bel-Air<\/p>\n        <\/div>\n      <\/div>\n  <\/div>\n\n\n<div style=\"display:block; padding:0; margin:0; width:100%; height:50px\"><\/div>","protected":false},"excerpt":{"rendered":"","protected":false},"author":1,"featured_media":0,"parent":0,"menu_order":0,"comment_status":"closed","ping_status":"closed","template":"gutenberg.php","meta":[],"acf":[],"_links":{"self":[{"href":"https:\/\/dombelair.com\/fr\/wp-json\/wp\/v2\/pages\/4245"}],"collection":[{"href":"https:\/\/dombelair.com\/fr\/wp-json\/wp\/v2\/pages"}],"about":[{"href":"https:\/\/dombelair.com\/fr\/wp-json\/wp\/v2\/types\/page"}],"author":[{"embeddable":true,"href":"https:\/\/dombelair.com\/fr\/wp-json\/wp\/v2\/users\/1"}],"replies":[{"embeddable":true,"href":"https:\/\/dombelair.com\/fr\/wp-json\/wp\/v2\/comments?post=4245"}],"version-history":[{"count":5,"href":"https:\/\/dombelair.com\/fr\/wp-json\/wp\/v2\/pages\/4245\/revisions"}],"predecessor-version":[{"id":4369,"href":"https:\/\/dombelair.com\/fr\/wp-json\/wp\/v2\/pages\/4245\/revisions\/4369"}],"wp:attachment":[{"href":"https:\/\/dombelair.com\/fr\/wp-json\/wp\/v2\/media?parent=4245"}],"curies":[{"name":"wp","href":"https:\/\/api.w.org\/{rel}","templated":true}]}}