{"id":4222,"date":"2022-05-10T10:43:19","date_gmt":"2022-05-10T08:43:19","guid":{"rendered":"https:\/\/client.jc-gien.fr\/domaine-bel-air\/?page_id=4222"},"modified":"2022-10-19T10:23:34","modified_gmt":"2022-10-19T08:23:34","slug":"notre-philosophie","status":"publish","type":"page","link":"https:\/\/dombelair.com\/fr\/notre-philosophie\/","title":{"rendered":"Notre philosophie"},"content":{"rendered":"\n<div class=\"accueil-interne class-parallax bloc-animation-jcg\" style=\"background-image: url(https:\/\/dombelair.com\/fr\/wp-content\/uploads\/2022\/03\/domaine-bel-air-travail-vigne-hve-beaujolais-1.jpg);  background-attachment:fixed;  \">\n  <div class=\"bloc-contenu\n     hauteur-grand            \">\n\n                \n          \n          \n            <div class=\"contenu\n                         typo-normal                        \" \n            style=\"text-align:center; vertical-align:middle;\"\n            >\n\n              <div class=\"wrapper-grand\" >                                  \n\n              <a class=\"filtre\" style=\"background-color:rgba(179,153,111,0.9);\"\n                 \n              >\n                                  <img decoding=\"async\" src=\"https:\/\/dombelair.com\/fr\/wp-content\/uploads\/2022\/03\/domaine-bel-air-logo-hve.png\" alt=\"\" style=\"width:110px\" \/>\n                                                  <h2 style=\"color: #fff;\">Notre Domaine, engag\u00e9 dans les d\u00e9marches <br \/>environnementales, est certifi\u00e9 HVE 3<\/h2>\n                                                  <div class=\"descriptif\" style=\"color: #fff;\"><p>Ce dispositif de certification environnementale est issu du <strong>Grenelle de l\u2019environnement.<\/strong><br \/>\nIl permet <strong>d\u2019identifier et de valoriser les pratiques respectueuses<\/strong> de l&rsquo;environnement<br \/>\net porte sur des th\u00e9matiques cl\u00e9s : <strong>la biodiversit\u00e9, la gestion de la fertilisation et des ressources en eau.<\/strong><\/p>\n<\/div>\n                              <\/a>\n\n              <\/div>\n              \n            <\/div>\n\n          \n          \n                      \n    <\/div>\n<\/div>\n\n<div class=\"wrapper-grand\">\n  \n                <div class=\"section-image bloc-animation-jcg\n                         padding-grand                                     largeur-grand                                    \" \n            style=\"background-color:#f4f4f4;\"\n          >\n\n            <div class=\"colonne-texte\n                         typo-normal                        \"\n                                    >\n              <h2 style=\"color:#b3996f;\">Valeurs, Exigence, Esprit <\/h2>\n              <div class=\"descriptif\" style=\"color:#888888;\"><p>Travail de la Vigne, Vinification, Secrets de Fabrication &amp; Mise en bouteilles<\/p>\n<\/div>\n              \n                                  <a class=\"openphilososphie\">En savoir +<\/a>\n                  <a class=\"closephilososphie\" style=\"display:none;\">En savoir &#8211;<\/a>\n                  <div class=\"contenu-philosophie\" style=\"display:none;\"><p><strong>Le travail \u00e0 la vigne<\/strong><\/p>\n<p>Depuis toujours, nous observerons nos vignes afin de raisonner au mieux la protection de la culture et de nos terroirs.<\/p>\n<p>Chaque ann\u00e9e,\u00a0la recherche de l\u2019\u00e9quilibre vital de la vigne\u00a0est une qu\u00eate. Il oscille entre m\u00e9thodes novatrices dans des vignes restructur\u00e9es, et tradition dans de tr\u00e8s vieilles vignes r\u00e9put\u00e9es, toujours dans un \u00e9cosyst\u00e8me o\u00f9 la biodiversit\u00e9 est favoris\u00e9e.<\/p>\n<p>Notre Domaine, engag\u00e9 dans les d\u00e9marches environnementales, est certifi\u00e9 <strong>HVE 3<\/strong>\u00a0: ce dispositif de certification environnementale est issu du Grenelle de l\u2019environnement.<\/p>\n<p>Il permet d\u2019identifier et de valoriser les pratiques respectueuses de l&rsquo;environnement et porte sur des th\u00e9matiques cl\u00e9s : la biodiversit\u00e9, la gestion de la fertilisation et des ressources en eau.<\/p>\n<p>Nos engagements environnementaux demeurent le ma\u00eetre-mot de toutes nos activit\u00e9s sur le domaine et nous nous effor\u00e7ons constamment \u00e0 r\u00e9duire notre empreinte carbone.<\/p>\n<p>&nbsp;<\/p>\n<p><strong>Vinification, Secrets de Fabrication<\/strong><\/p>\n<p>La m\u00e9thode de vendange du Domaine de Bel Air est immuable. Le temps venu, le personnel s\u2019\u00e9toffe et ce sont 40 \u00ab\u00a0coupeurs\u00a0\u00bb qui arpentent le vignoble en qu\u00eatant les grains arriv\u00e9s au stade optimum de maturation.<\/p>\n<p>En moyenne, il faut compter trois \u00e0 quatre semaines de vendanges. C\u2019est en cuves que s\u2019effectue la fermentation, la phase la plus d\u00e9licate et la plus myst\u00e9rieuse de l\u2019\u00e9laboration du vin. La ma\u00eetrise des temp\u00e9ratures est essentielle : elle permet de conserver les ar\u00f4mes et la finesse de chaque terroir. La vinification traditionnelle offre des vins fruit\u00e9s, aromatiques et croquants. Elle consiste en une mac\u00e9ration semi-carbonique.<\/p>\n<p>Le pressurage pneumatique apporte \u00e9galement toute la douceur n\u00e9cessaire \u00e0 l\u2019extraction de jus d\u2019une grande puret\u00e9. Chaque cuve est identifi\u00e9e et les lots sont suivis tous les jours par le ma\u00eetre de chai du domaine afin de contr\u00f4ler tous les param\u00e8tres analytiques de la fermentation. Avec les mo\u00fbts les plus actifs, elle peut ne prendre que deux semaines. Avec d\u2019autres, plus calmes, elle peut durer six semaines. La fermentation s\u2019arr\u00eate naturellement.<\/p>\n<p>&nbsp;<\/p>\n<p><strong>Mise en bouteilles<\/strong><\/p>\n<p>C\u2019est au cours des mois suivants que le vin sera mis en bouteille dans les meilleures conditions techniques. Une fois mis en bouteille avec le plus grand soin, il convient de proc\u00e9der \u00e0 l\u2019habillage minutieux des flacons. \u00c9tiquette, capsule, le vin est enfin habill\u00e9 de ses habits de lumi\u00e8re.<\/p>\n<\/div>\n                \n                                          <div class=\"image\" style=\"background-image:url(https:\/\/dombelair.com\/fr\/wp-content\/uploads\/2022\/03\/domaine-bel-air-travail-vigne-vignification-beaujolais-1.jpg);  background-attachment:fixed;  \"><\/div>\n            <\/div>\n        \n          <\/div>\n                <div class=\"section-image bloc-animation-jcg\n             inverse                         padding-normal                                     largeur-normal                        \" \n            style=\"background-color:#f4f4f4;\"\n          >\n\n            <div class=\"colonne-texte\n                         typo-normal                        \"\n                        style=\"text-align: left;\"            >\n              <h2 style=\"color:#b3996f;\">La Terre, la Vigne, l\u2019Homme <\/h2>\n              <div class=\"descriptif\" style=\"color:#888888;\"><p>Les rangs de vignes en coteaux couvrent les <strong>monts du Beaujolais<\/strong> \u00e0 une altitude moyenne de 300 m\u00e8tres, avec des sommets qui culminent \u00e0 plus de 600 m\u00e8tres d\u2019altitude.<\/p>\n<p>Ce type de <strong>viticulture<\/strong> est <strong>h\u00e9ro\u00efque<\/strong> car l\u2019implication et l\u2019effort de l\u2019Homme sont accentu\u00e9s par la difficult\u00e9 impos\u00e9e par la montagne. Elle se pratique \u00e0 des altitudes de plus de 500 m\u00e8tres ou sur des fortes pentes de plus de 30 %.<\/p>\n<p>Chaque talent de notre \u00e9quipe d\u00e9ploie son savoir-faire et sa sensibilit\u00e9 au travers des vins du Domaine de Bel Air.<\/p>\n<\/div>\n                                          <div class=\"image\" style=\"background-image:url(https:\/\/dombelair.com\/fr\/wp-content\/uploads\/2022\/03\/domaine-bel-air-beaujolais-homme-1-1.jpg);  background-attachment:fixed;  \"><\/div>\n            <\/div>\n        \n          <\/div>\n                <div class=\"section-image bloc-animation-jcg\n                                     padding-normal                         largeur-grand                                    \" \n            style=\"background-color:#f4f4f4;\"\n          >\n\n            <div class=\"colonne-texte\n                         typo-normal                        \"\n                                    >\n              <h2 style=\"color:#b3996f;\">L\u2019Esprit de Partage<\/h2>\n              <div class=\"descriptif\" style=\"color:#888888;\"><p>Faire du vin c\u2019est avant tout le partage d\u2019une\u00a0<strong>passion<\/strong>.<br \/>\nC\u2019est faire d\u00e9couvrir des\u00a0<strong>savoir-faire<\/strong>, des\u00a0<strong>techniques<\/strong>, des\u00a0<strong>connaissances<\/strong>\u00a0sur la viticulture et l\u2019\u0153nologie.<\/p>\n<\/div>\n              \n                                  <a class=\"openphilososphie\">En savoir +<\/a>\n                  <a class=\"closephilososphie\" style=\"display:none;\">En savoir &#8211;<\/a>\n                  <div class=\"contenu-philosophie\" style=\"display:none;\"><p>La <strong>Beaujonomie<\/strong>, c\u2019est plus qu\u2019un concept, c\u2019est une philosophie, un \u00e9tat d\u2019esprit, qui pr\u00f4ne l\u2019esprit de partage, l\u2019\u00e9change et la d\u00e9couverte. Associ\u00e9es au Beaujolais, les valeurs de la Beaujonomie sont universelles et r\u00e9sonnent aujourd\u2019hui particuli\u00e8rement aupr\u00e8s des contemporains, lesquels recherchent, au-del\u00e0 du virtuel, de la sociabilit\u00e9 concr\u00e8te.<\/p>\n<p>&nbsp;<\/p>\n<p><strong>Le partage de la table :<\/strong> Grande tabl\u00e9e ou table d&rsquo;h\u00f4te dans un d\u00e9cor simple et chic \u00e0 la fois.<\/p>\n<p><strong>Le partage du vin :<\/strong> Beaujolais de Caract\u00e8re servi en magnum et accompagn\u00e9 d&rsquo;un r\u00e9cit sur le domaine.<\/p>\n<p><strong>Le partage du plat :<\/strong> Plats \u00e0 partager entre les convives, servis d&rsquo;abord par le ma\u00eetre des lieux et dont les invit\u00e9s peuvent ensuite se resservir eux-m\u00eames.<\/p>\n<\/div>\n                \n                                          <div class=\"image\" style=\"background-image:url(https:\/\/dombelair.com\/fr\/wp-content\/uploads\/2022\/03\/domaine-bel-air-convivialite-partage-beaujolais-beaujonomie-1.jpg);  background-attachment:fixed;  \"><\/div>\n            <\/div>\n        \n          <\/div>\n      \n<\/div>\n\n\n\n\n\n<div class=\"bloc-cuvees bloc-animation-jcg\n     hauteur-normal       typo-normal  \"\n  style=\"text-align:center; background-color:#ffffff;\n\"\n>\n\n  <div class=\"wrapper-grand\" >    \n  <p class=\"titre\" style=\"color:#b3996f;\">Notre Gamme de vins<\/p>  <div class=\"descriptif\" style=\"color:#8c8c8c;\"><p>Partout dans le monde, on craque pour nos \u00e9l\u00e9gants vins.<br \/>\n<strong>D\u00e9licats, simples et d\u00e9licieux<\/strong><\/p>\n<\/div>\n\n  \n\n\n    <ul class=\"mosaique-cuvees\">\n            <li class=\"cuvees-classiques \">\n       \n          <img decoding=\"async\" src=\"https:\/\/dombelair.com\/fr\/wp-content\/uploads\/2022\/03\/Domaine-bel-air-bouteille-vin-brouilly-briante.jpg\" alt=\"Brouilly\" class=\"openboximg\" \/>\n          <div class=\"contenutitre\">\n            <h2 style=\"color:#b3996f;\">Brouilly<\/h2>\n            <h3 style=\"color:#8c8c8c;\">Briante<\/h3>\n          <\/div>\n          <a class=\"push\" href=\"https:\/\/dombelair.com\/fr\/nos-vins\/brouilly\/\">\n            <span class=\"bck-hover\" style=\"background-color:#b3996f;\"><\/span>\n            <span class=\"texte\">D\u00e9couvrir  <i class=\"fa-solid fa-plus\"><\/i><\/span>\n          <\/a>\n          <div class=\"push acheter_cuvees\">\n            <span class=\"bck-hover\" style=\"background-color:#b3996f;\"><\/span>\n            <span class=\"texte\">Acheter <i class=\"fas fa-shopping-cart\"><\/i><\/span>\n            <div class=\"contenu_panier_article\" style=\"display:none !important;\">\n\n              <div class=\"titre\" >Brouilly<\/div>\n              <div class=\"nom_produit\">Briante<\/div>\n              <div class=\"description_produit\" >Nous exp\u00e9dions par carton de 6 bouteilles par type de contenant uniquement.<br \/>Vous pouvez r\u00e9aliser le panachage que vous souhaitez.<\/div>\n              \n                              <div class=\"achat_produit\">\n                  <div class=\"titre_produit\" >Bouteille 75cl<\/div>\n                  <input type=\"hidden\" class=\"identifiant_cuvee\" value=\"3824\" \/>\n                  <input type=\"number\" step=\"1\" min=\"0\" value=\"0\" class=\"quantite_produit\">\n                  <input type=\"hidden\" class=\"type_bouteille\" value=\"75cl\" \/>\n                  <div class=\"prix_produit\" >X 12 \u20ac TTC<\/div>\n                  <a class=\"push ajoutpanier\">\n                    <span class=\"bck-hover\" style=\"background-color:#b3996f;\"><\/span>\n                    <span class=\"texte\">Ajouter au panier <i class=\"fa-solid fa-cart-plus\"><\/i><\/span>\n                  <\/a>\n                <\/div>\n                                <div class=\"achat_produit\">\n                  <div class=\"titre_produit\" >Magnum 150cl<\/div>\n                  <input type=\"hidden\" class=\"identifiant_cuvee\" value=\"3824\" \/>\n                  <input type=\"number\" step=\"1\" min=\"0\" value=\"0\" class=\"quantite_produit\">\n                  <input type=\"hidden\" class=\"type_bouteille\" value=\"150cl\" \/>\n                  <div class=\"prix_produit\" >X 31 \u20ac TTC<\/div>\n                  <a class=\"push ajoutpanier\">\n                    <span class=\"bck-hover\" style=\"background-color:#b3996f;\"><\/span>\n                    <span class=\"texte\">Ajouter au panier <i class=\"fa-solid fa-cart-plus\"><\/i><\/span>\n                  <\/a>\n                <\/div>\n                \n            <\/div>\n          <\/div>\n        \n      <\/li>\n            <li class=\"selections-jml \">\n       \n          <img decoding=\"async\" src=\"https:\/\/dombelair.com\/fr\/wp-content\/uploads\/2022\/03\/Domaine-bel-air-bouteille-vin-cremant-de-bourgogne.jpg\" alt=\"Cr\u00e9mant de Bourgogne\" class=\"openboximg\" \/>\n          <div class=\"contenutitre\">\n            <h2 style=\"color:#b3996f;\">Cr\u00e9mant de Bourgogne<\/h2>\n            <h3 style=\"color:#8c8c8c;\">S\u00e9lection Jean-Marc Lafont<\/h3>\n          <\/div>\n          <a class=\"push\" href=\"https:\/\/dombelair.com\/fr\/nos-vins\/cremant-de-bourgogne-selection-jean-marc-lafont\/\">\n            <span class=\"bck-hover\" style=\"background-color:#b3996f;\"><\/span>\n            <span class=\"texte\">D\u00e9couvrir  <i class=\"fa-solid fa-plus\"><\/i><\/span>\n          <\/a>\n          <div class=\"push acheter_cuvees\">\n            <span class=\"bck-hover\" style=\"background-color:#b3996f;\"><\/span>\n            <span class=\"texte\">Acheter <i class=\"fas fa-shopping-cart\"><\/i><\/span>\n            <div class=\"contenu_panier_article\" style=\"display:none !important;\">\n\n              <div class=\"titre\" >Cr\u00e9mant de Bourgogne<\/div>\n              <div class=\"nom_produit\">S\u00e9lection Jean-Marc Lafont<\/div>\n              <div class=\"description_produit\" >Nous exp\u00e9dions par carton de 6 bouteilles par type de contenant uniquement.<br \/>Vous pouvez r\u00e9aliser le panachage que vous souhaitez.<\/div>\n              \n                              <div class=\"achat_produit\">\n                  <div class=\"titre_produit\" >Bouteille 75cl<\/div>\n                  <input type=\"hidden\" class=\"identifiant_cuvee\" value=\"3835\" \/>\n                  <input type=\"number\" step=\"1\" min=\"0\" value=\"0\" class=\"quantite_produit\">\n                  <input type=\"hidden\" class=\"type_bouteille\" value=\"75cl\" \/>\n                  <div class=\"prix_produit\" >X 12 \u20ac TTC<\/div>\n                  <a class=\"push ajoutpanier\">\n                    <span class=\"bck-hover\" style=\"background-color:#b3996f;\"><\/span>\n                    <span class=\"texte\">Ajouter au panier <i class=\"fa-solid fa-cart-plus\"><\/i><\/span>\n                  <\/a>\n                <\/div>\n                \n            <\/div>\n          <\/div>\n        \n      <\/li>\n            <li class=\"cuvees-classiques \">\n       \n          <img decoding=\"async\" src=\"https:\/\/dombelair.com\/fr\/wp-content\/uploads\/2022\/03\/Domaine-bel-air-bouteille-vin-moulin-a-vent-les-burdelines.jpg\" alt=\"Moulin \u00e0 Vent\" class=\"openboximg\" \/>\n          <div class=\"contenutitre\">\n            <h2 style=\"color:#b3996f;\">Moulin \u00e0 Vent<\/h2>\n            <h3 style=\"color:#8c8c8c;\">Les Burdelines<\/h3>\n          <\/div>\n          <a class=\"push\" href=\"https:\/\/dombelair.com\/fr\/nos-vins\/moulin-a-vent-les-burdelines\/\">\n            <span class=\"bck-hover\" style=\"background-color:#b3996f;\"><\/span>\n            <span class=\"texte\">D\u00e9couvrir  <i class=\"fa-solid fa-plus\"><\/i><\/span>\n          <\/a>\n          <div class=\"push acheter_cuvees\">\n            <span class=\"bck-hover\" style=\"background-color:#b3996f;\"><\/span>\n            <span class=\"texte\">Acheter <i class=\"fas fa-shopping-cart\"><\/i><\/span>\n            <div class=\"contenu_panier_article\" style=\"display:none !important;\">\n\n              <div class=\"titre\" >Moulin \u00e0 Vent<\/div>\n              <div class=\"nom_produit\">Les Burdelines<\/div>\n              <div class=\"description_produit\" >Nous exp\u00e9dions par carton de 6 bouteilles par type de contenant uniquement.<br \/>Vous pouvez r\u00e9aliser le panachage que vous souhaitez.<\/div>\n              \n                              <div class=\"achat_produit\">\n                  <div class=\"titre_produit\" >Bouteille 75cl<\/div>\n                  <input type=\"hidden\" class=\"identifiant_cuvee\" value=\"3827\" \/>\n                  <input type=\"number\" step=\"1\" min=\"0\" value=\"0\" class=\"quantite_produit\">\n                  <input type=\"hidden\" class=\"type_bouteille\" value=\"75cl\" \/>\n                  <div class=\"prix_produit\" >X 15 \u20ac TTC<\/div>\n                  <a class=\"push ajoutpanier\">\n                    <span class=\"bck-hover\" style=\"background-color:#b3996f;\"><\/span>\n                    <span class=\"texte\">Ajouter au panier <i class=\"fa-solid fa-cart-plus\"><\/i><\/span>\n                  <\/a>\n                <\/div>\n                \n            <\/div>\n          <\/div>\n        \n      <\/li>\n            <li class=\"vins-nouveaux \">\n       \n          <img decoding=\"async\" src=\"https:\/\/dombelair.com\/fr\/wp-content\/uploads\/2022\/03\/Domaine-bel-air-bouteille-vin-beaujolais-villages-nouveau-cuvee-100.jpg\" alt=\"Beaujolais-Villages Nouveau\" class=\"openboximg\" \/>\n          <div class=\"contenutitre\">\n            <h2 style=\"color:#b3996f;\">Beaujolais-Villages Nouveau<\/h2>\n            <h3 style=\"color:#8c8c8c;\">Cuv\u00e9e Cent<\/h3>\n          <\/div>\n          <a class=\"push\" href=\"https:\/\/dombelair.com\/fr\/nos-vins\/beaujolais-villages-nouveau-cuvee-cent\/\">\n            <span class=\"bck-hover\" style=\"background-color:#b3996f;\"><\/span>\n            <span class=\"texte\">D\u00e9couvrir  <i class=\"fa-solid fa-plus\"><\/i><\/span>\n          <\/a>\n          <div class=\"push acheter_cuvees\">\n            <span class=\"bck-hover\" style=\"background-color:#b3996f;\"><\/span>\n            <span class=\"texte\">Acheter <i class=\"fas fa-shopping-cart\"><\/i><\/span>\n            <div class=\"contenu_panier_article\" style=\"display:none !important;\">\n\n              <div class=\"titre\" >Beaujolais-Villages Nouveau<\/div>\n              <div class=\"nom_produit\">Beaujolais-Villages Nouveau, Cuv\u00e9e Cent<\/div>\n              <div class=\"description_produit\" >Nous exp\u00e9dions par carton de 6 bouteilles par type de contenant uniquement.<br \/>Vous pouvez r\u00e9aliser le panachage que vous souhaitez.<\/div>\n              \n                              <br \/>\n                <div class=\"description_produit\" >Ce vin sera disponible lors de la prochaine campagne des Beaujolais Nouveaux 2024.<\/div>\n                \n            <\/div>\n          <\/div>\n        \n      <\/li>\n          <\/ul>\n    <div class=\"clear\"><\/div>\n  <\/div>\n<\/div>\n\n<div class=\"affichage_bloc_ajout_panier\" style=\"display:none;\">\n<div class=\"bloc-ajout-panier\">\n  <div class=\"bloc-ajout-panier-wrapper\">\n    <div class=\"bloc-ajout-panier-wrapper-contenu\">\n      <i class=\"fas fa-times bloc-ajout-panier-close\" aria-hidden=\"true\"><\/i>\n      \n      <div class=\"contenu_panier_article\">\n        \n\n      <\/div>\n     \n    <\/div>\n  <\/div>\n<\/div>\n<\/div>\n","protected":false},"excerpt":{"rendered":"","protected":false},"author":1,"featured_media":0,"parent":0,"menu_order":0,"comment_status":"closed","ping_status":"closed","template":"gutenberg.php","meta":[],"acf":[],"_links":{"self":[{"href":"https:\/\/dombelair.com\/fr\/wp-json\/wp\/v2\/pages\/4222"}],"collection":[{"href":"https:\/\/dombelair.com\/fr\/wp-json\/wp\/v2\/pages"}],"about":[{"href":"https:\/\/dombelair.com\/fr\/wp-json\/wp\/v2\/types\/page"}],"author":[{"embeddable":true,"href":"https:\/\/dombelair.com\/fr\/wp-json\/wp\/v2\/users\/1"}],"replies":[{"embeddable":true,"href":"https:\/\/dombelair.com\/fr\/wp-json\/wp\/v2\/comments?post=4222"}],"version-history":[{"count":8,"href":"https:\/\/dombelair.com\/fr\/wp-json\/wp\/v2\/pages\/4222\/revisions"}],"predecessor-version":[{"id":4271,"href":"https:\/\/dombelair.com\/fr\/wp-json\/wp\/v2\/pages\/4222\/revisions\/4271"}],"wp:attachment":[{"href":"https:\/\/dombelair.com\/fr\/wp-json\/wp\/v2\/media?parent=4222"}],"curies":[{"name":"wp","href":"https:\/\/api.w.org\/{rel}","templated":true}]}}