{"id":4191,"date":"2022-04-07T14:21:39","date_gmt":"2022-04-07T12:21:39","guid":{"rendered":"https:\/\/client.jc-gien.fr\/domaine-bel-air\/mot-de-passe-oublie-copy\/"},"modified":"2022-09-13T09:15:20","modified_gmt":"2022-09-13T07:15:20","slug":"creation-de-compte","status":"publish","type":"page","link":"https:\/\/dombelair.com\/fr\/creation-de-compte\/","title":{"rendered":"Cr\u00e9ation de compte"},"content":{"rendered":"\n<div class=\"accueil-interne class-parallax bloc-animation-jcg\" style=\"background-image: url(https:\/\/dombelair.com\/fr\/wp-content\/uploads\/2022\/03\/domaine-bel-air-lafond-beaujolais-1.jpg); \">\n  <div class=\"bloc-contenu\n             hauteur-petit    \">\n\n              \n    <\/div>\n<\/div>\n\n<div class=\"bloc-texte bloc-animation-jcg\n       hauteur-petit     typo-normal    \" style=\"\n  background-color: #fff;\n  text-align:center;\n  \"\n  >\n      <div class=\"wrapper-petit\">        <h2 style=\"color: #b3996f;\">Cr\u00e9er un nouveau compte<\/h2>\n            <div class=\"descriptif\" style=\"color: #888888; column-count: 1;\"><p>Vous n&rsquo;avez pas encore de compte ouvert chez nous\u00a0 ?<\/p>\n<p>Pas d&rsquo;inqui\u00e9tude, saisissez les informations ci-dessous n\u00e9cessaires \u00e0 la cr\u00e9ation de votre nouveau compte, vous recevrez ensuite un mot de passe par e-mail pour vous connecter<\/p>\n<\/div>\n          <\/div>\n<\/div>\n\n\n<div class=\"bloc-creation-de-compte bloc-animation-jcg\" style=\"display:block; padding:0 10px 70px 10px; margin:0 auto; max-width:700px; text-align:center;\">\n  <div class=\"wrapper-petit\">\n\n  <form name=\"\" method=\"post\" action=\"\">\n    <div class=\"bloc-50-padding-droite\">\n        <input type=\"text\" name=\"societe\" class=\"inputtext\" value=\"\" placeholder=\"Saisissez votre soci\u00e9t\u00e9 (si compte pro)\" \/>\n        <input type=\"text\" name=\"nom\" class=\"inputtext\" value=\"\" placeholder=\"Saisissez votre nom\" required\/>\n        <input type=\"text\" name=\"prenom\" class=\"inputtext\" value=\"\" placeholder=\"Saisissez votre prenom\" required\/>\n        <input type=\"text\" name=\"port1\" class=\"inputtext\" value=\"\" placeholder=\"Saisissez votre t\u00e9l\u00e9phone portable\" required\/>\n        <input type=\"email\" name=\"email\" class=\"inputtext\" value=\"\" placeholder=\"Saisissez votre adresse e-mail\" required\/>\n    <\/div>\n    <div class=\"bloc-50-padding-gauche\">\n        <div class=\"descriptif-a\" style=\"font-style: normal; padding: 0 0 8px 0; color: #b3996f; text-align: justify;\">Adresse de livraison (nous effectuons nos livraisons en France m\u00e9tropolitaine uniquement, vous avez \u00e9galement la possibilit\u00e9 de r\u00e9cup\u00e9rer votre commande au domaine)<\/div>\n        <input type=\"text\" name=\"adresse\" class=\"inputtext\" value=\"\" placeholder=\"Saisissez votre adresse postale\" required \/>\n        <input type=\"text\" name=\"codepostal\" class=\"inputtext\" value=\"\" placeholder=\"Saisissez votre code postal\" required\/>\n        <input type=\"text\" name=\"ville\" class=\"inputtext\" value=\"\" placeholder=\"Saisissez votre ville\" required\/>\n        \n        \n        \n    <\/div>\n    <div class=\"clear\"><\/div>\n    <div class=\"case-a-cocher\" style=\"margin-top:0px; margin-bottom:20px; text-align:justify;\">\n            <input type=\"hidden\" class=\"inputcheckbox acceptationrgpd\" name=\"acceptationrgpd\" value=\"0\" required\/>\n            <i class=\"far fa-check-square cocher\" aria-hidden=\"true\"><\/i>\n            <i class=\"far fa-square decocher active\" aria-hidden=\"true\"><\/i> En cochant cette case vous acceptez les conditions g\u00e9n\u00e9rales d&rsquo;utilisation du site Internet relatives \u00e0 la RGPD. <a href=\"https:\/\/dombelair.com\/fr\/rgpd\/\" target=\"_blank\">Cliquez ici pour les consulter.<\/a>\n        <\/div>\n    <button typ=\"submit\" class=\"inputbouton\" style=\"margin:15px 0 0 0; \">Cr\u00e9er mon compte<\/button>\n<\/form>\n\n  <\/div>\n<\/div>\n\n\n<div style=\"display:block; padding:0; margin:0; width:100%; height:50px\"><\/div>\n\n\n<div class=\"bloc-cuvees bloc-animation-jcg\n     hauteur-normal       typo-normal  \"\n  style=\"text-align:center; background-color:#ffffff;\n\"\n>\n\n  <div class=\"wrapper-grand\" >    \n  <p class=\"titre\" style=\"color:#b3996f;\">Notre Gamme de vins<\/p>  <div class=\"descriptif\" style=\"color:#8c8c8c;\"><p>Partout dans le monde, on craque pour nos \u00e9l\u00e9gants vins.<br \/>\n<strong>D\u00e9licats, simples et d\u00e9licieux<\/strong><\/p>\n<\/div>\n\n  \n\n\n    <ul class=\"mosaique-cuvees\">\n            <li class=\"vins-nouveaux \">\n       \n          <img decoding=\"async\" src=\"https:\/\/dombelair.com\/fr\/wp-content\/uploads\/2024\/06\/JEAN-DOMAINE-BEL-AIR-LAFONT-BEAUJOLAIS-VILLAGE-NOUVEAU.png\" alt=\"Beaujolais Villages  Nouveau\" class=\"openboximg\" \/>\n          <div class=\"contenutitre\">\n            <h2 style=\"color:#b3996f;\">Beaujolais Villages  Nouveau<\/h2>\n            <h3 style=\"color:#8c8c8c;\">Cuv\u00e9e Jean<\/h3>\n          <\/div>\n          <a class=\"push\" href=\"https:\/\/dombelair.com\/fr\/nos-vins\/beaujolais-villages-nouveau-cuvee-jean\/\">\n            <span class=\"bck-hover\" style=\"background-color:#b3996f;\"><\/span>\n            <span class=\"texte\">D\u00e9couvrir  <i class=\"fa-solid fa-plus\"><\/i><\/span>\n          <\/a>\n          <div class=\"push acheter_cuvees\">\n            <span class=\"bck-hover\" style=\"background-color:#b3996f;\"><\/span>\n            <span class=\"texte\">Acheter <i class=\"fas fa-shopping-cart\"><\/i><\/span>\n            <div class=\"contenu_panier_article\" style=\"display:none !important;\">\n\n              <div class=\"titre\" >Beaujolais Villages  Nouveau<\/div>\n              <div class=\"nom_produit\">Beaujolais-Villages Nouveau, Cuv\u00e9e Jean<\/div>\n              <div class=\"description_produit\" >Nous exp\u00e9dions par carton de 6 bouteilles par type de contenant uniquement.<br \/>Vous pouvez r\u00e9aliser le panachage que vous souhaitez.<\/div>\n              \n                              <br \/>\n                <div class=\"description_produit\" >Ce vin sera disponible lors de la prochaine campagne des Beaujolais Nouveaux 2024.<\/div>\n                \n            <\/div>\n          <\/div>\n        \n      <\/li>\n            <li class=\"cuvees-classiques \">\n       \n          <img decoding=\"async\" src=\"https:\/\/dombelair.com\/fr\/wp-content\/uploads\/2022\/03\/Domaine-bel-air-bouteille-vin-brouilly-briante.jpg\" alt=\"Brouilly\" class=\"openboximg\" \/>\n          <div class=\"contenutitre\">\n            <h2 style=\"color:#b3996f;\">Brouilly<\/h2>\n            <h3 style=\"color:#8c8c8c;\">Briante<\/h3>\n          <\/div>\n          <a class=\"push\" href=\"https:\/\/dombelair.com\/fr\/nos-vins\/brouilly\/\">\n            <span class=\"bck-hover\" style=\"background-color:#b3996f;\"><\/span>\n            <span class=\"texte\">D\u00e9couvrir  <i class=\"fa-solid fa-plus\"><\/i><\/span>\n          <\/a>\n          <div class=\"push acheter_cuvees\">\n            <span class=\"bck-hover\" style=\"background-color:#b3996f;\"><\/span>\n            <span class=\"texte\">Acheter <i class=\"fas fa-shopping-cart\"><\/i><\/span>\n            <div class=\"contenu_panier_article\" style=\"display:none !important;\">\n\n              <div class=\"titre\" >Brouilly<\/div>\n              <div class=\"nom_produit\">Briante<\/div>\n              <div class=\"description_produit\" >Nous exp\u00e9dions par carton de 6 bouteilles par type de contenant uniquement.<br \/>Vous pouvez r\u00e9aliser le panachage que vous souhaitez.<\/div>\n              \n                              <div class=\"achat_produit\">\n                  <div class=\"titre_produit\" >Bouteille 75cl<\/div>\n                  <input type=\"hidden\" class=\"identifiant_cuvee\" value=\"3824\" \/>\n                  <input type=\"number\" step=\"1\" min=\"0\" value=\"0\" class=\"quantite_produit\">\n                  <input type=\"hidden\" class=\"type_bouteille\" value=\"75cl\" \/>\n                  <div class=\"prix_produit\" >X 12 \u20ac TTC<\/div>\n                  <a class=\"push ajoutpanier\">\n                    <span class=\"bck-hover\" style=\"background-color:#b3996f;\"><\/span>\n                    <span class=\"texte\">Ajouter au panier <i class=\"fa-solid fa-cart-plus\"><\/i><\/span>\n                  <\/a>\n                <\/div>\n                                <div class=\"achat_produit\">\n                  <div class=\"titre_produit\" >Magnum 150cl<\/div>\n                  <input type=\"hidden\" class=\"identifiant_cuvee\" value=\"3824\" \/>\n                  <input type=\"number\" step=\"1\" min=\"0\" value=\"0\" class=\"quantite_produit\">\n                  <input type=\"hidden\" class=\"type_bouteille\" value=\"150cl\" \/>\n                  <div class=\"prix_produit\" >X 31 \u20ac TTC<\/div>\n                  <a class=\"push ajoutpanier\">\n                    <span class=\"bck-hover\" style=\"background-color:#b3996f;\"><\/span>\n                    <span class=\"texte\">Ajouter au panier <i class=\"fa-solid fa-cart-plus\"><\/i><\/span>\n                  <\/a>\n                <\/div>\n                \n            <\/div>\n          <\/div>\n        \n      <\/li>\n            <li class=\"selections-jml \">\n       \n          <img decoding=\"async\" src=\"https:\/\/dombelair.com\/fr\/wp-content\/uploads\/2022\/03\/Domaine-bel-air-bouteille-vin-cremant-de-bourgogne.jpg\" alt=\"Cr\u00e9mant de Bourgogne\" class=\"openboximg\" \/>\n          <div class=\"contenutitre\">\n            <h2 style=\"color:#b3996f;\">Cr\u00e9mant de Bourgogne<\/h2>\n            <h3 style=\"color:#8c8c8c;\">S\u00e9lection Jean-Marc Lafont<\/h3>\n          <\/div>\n          <a class=\"push\" href=\"https:\/\/dombelair.com\/fr\/nos-vins\/cremant-de-bourgogne-selection-jean-marc-lafont\/\">\n            <span class=\"bck-hover\" style=\"background-color:#b3996f;\"><\/span>\n            <span class=\"texte\">D\u00e9couvrir  <i class=\"fa-solid fa-plus\"><\/i><\/span>\n          <\/a>\n          <div class=\"push acheter_cuvees\">\n            <span class=\"bck-hover\" style=\"background-color:#b3996f;\"><\/span>\n            <span class=\"texte\">Acheter <i class=\"fas fa-shopping-cart\"><\/i><\/span>\n            <div class=\"contenu_panier_article\" style=\"display:none !important;\">\n\n              <div class=\"titre\" >Cr\u00e9mant de Bourgogne<\/div>\n              <div class=\"nom_produit\">S\u00e9lection Jean-Marc Lafont<\/div>\n              <div class=\"description_produit\" >Nous exp\u00e9dions par carton de 6 bouteilles par type de contenant uniquement.<br \/>Vous pouvez r\u00e9aliser le panachage que vous souhaitez.<\/div>\n              \n                              <div class=\"achat_produit\">\n                  <div class=\"titre_produit\" >Bouteille 75cl<\/div>\n                  <input type=\"hidden\" class=\"identifiant_cuvee\" value=\"3835\" \/>\n                  <input type=\"number\" step=\"1\" min=\"0\" value=\"0\" class=\"quantite_produit\">\n                  <input type=\"hidden\" class=\"type_bouteille\" value=\"75cl\" \/>\n                  <div class=\"prix_produit\" >X 12 \u20ac TTC<\/div>\n                  <a class=\"push ajoutpanier\">\n                    <span class=\"bck-hover\" style=\"background-color:#b3996f;\"><\/span>\n                    <span class=\"texte\">Ajouter au panier <i class=\"fa-solid fa-cart-plus\"><\/i><\/span>\n                  <\/a>\n                <\/div>\n                \n            <\/div>\n          <\/div>\n        \n      <\/li>\n            <li class=\"selections-jml \">\n       \n          <img decoding=\"async\" src=\"https:\/\/dombelair.com\/fr\/wp-content\/uploads\/2022\/03\/Domaine-bel-air-bouteille-vin-beaujolais-blanc-selection-jean-marc-lafond.jpg\" alt=\"Beaujolais Blanc\" class=\"openboximg\" \/>\n          <div class=\"contenutitre\">\n            <h2 style=\"color:#b3996f;\">Beaujolais Blanc<\/h2>\n            <h3 style=\"color:#8c8c8c;\">S\u00e9lection Jean-Marc Lafont<\/h3>\n          <\/div>\n          <a class=\"push\" href=\"https:\/\/dombelair.com\/fr\/nos-vins\/beaujolais-blanc-selection-jean-marc-lafont\/\">\n            <span class=\"bck-hover\" style=\"background-color:#b3996f;\"><\/span>\n            <span class=\"texte\">D\u00e9couvrir  <i class=\"fa-solid fa-plus\"><\/i><\/span>\n          <\/a>\n          <div class=\"push acheter_cuvees\">\n            <span class=\"bck-hover\" style=\"background-color:#b3996f;\"><\/span>\n            <span class=\"texte\">Acheter <i class=\"fas fa-shopping-cart\"><\/i><\/span>\n            <div class=\"contenu_panier_article\" style=\"display:none !important;\">\n\n              <div class=\"titre\" >Beaujolais Blanc<\/div>\n              <div class=\"nom_produit\">S\u00e9lection Jean-Marc Lafont<\/div>\n              <div class=\"description_produit\" >Nous exp\u00e9dions par carton de 6 bouteilles par type de contenant uniquement.<br \/>Vous pouvez r\u00e9aliser le panachage que vous souhaitez.<\/div>\n              \n                              <div class=\"achat_produit\">\n                  <div class=\"titre_produit\" >Bouteille 75cl<\/div>\n                  <input type=\"hidden\" class=\"identifiant_cuvee\" value=\"3829\" \/>\n                  <input type=\"number\" step=\"1\" min=\"0\" value=\"0\" class=\"quantite_produit\">\n                  <input type=\"hidden\" class=\"type_bouteille\" value=\"75cl\" \/>\n                  <div class=\"prix_produit\" >X 9.5 \u20ac TTC<\/div>\n                  <a class=\"push ajoutpanier\">\n                    <span class=\"bck-hover\" style=\"background-color:#b3996f;\"><\/span>\n                    <span class=\"texte\">Ajouter au panier <i class=\"fa-solid fa-cart-plus\"><\/i><\/span>\n                  <\/a>\n                <\/div>\n                                <div class=\"achat_produit\">\n                  <div class=\"titre_produit\" >Magnum 150cl<\/div>\n                  <input type=\"hidden\" class=\"identifiant_cuvee\" value=\"3829\" \/>\n                  <input type=\"number\" step=\"1\" min=\"0\" value=\"0\" class=\"quantite_produit\">\n                  <input type=\"hidden\" class=\"type_bouteille\" value=\"150cl\" \/>\n                  <div class=\"prix_produit\" >X 26 \u20ac TTC<\/div>\n                  <a class=\"push ajoutpanier\">\n                    <span class=\"bck-hover\" style=\"background-color:#b3996f;\"><\/span>\n                    <span class=\"texte\">Ajouter au panier <i class=\"fa-solid fa-cart-plus\"><\/i><\/span>\n                  <\/a>\n                <\/div>\n                \n            <\/div>\n          <\/div>\n        \n      <\/li>\n          <\/ul>\n    <div class=\"clear\"><\/div>\n  <\/div>\n<\/div>\n\n<div class=\"affichage_bloc_ajout_panier\" style=\"display:none;\">\n<div class=\"bloc-ajout-panier\">\n  <div class=\"bloc-ajout-panier-wrapper\">\n    <div class=\"bloc-ajout-panier-wrapper-contenu\">\n      <i class=\"fas fa-times bloc-ajout-panier-close\" aria-hidden=\"true\"><\/i>\n      \n      <div class=\"contenu_panier_article\">\n        \n\n      <\/div>\n     \n    <\/div>\n  <\/div>\n<\/div>\n<\/div>\n","protected":false},"excerpt":{"rendered":"","protected":false},"author":1,"featured_media":0,"parent":0,"menu_order":0,"comment_status":"closed","ping_status":"closed","template":"gutenberg.php","meta":[],"acf":[],"_links":{"self":[{"href":"https:\/\/dombelair.com\/fr\/wp-json\/wp\/v2\/pages\/4191"}],"collection":[{"href":"https:\/\/dombelair.com\/fr\/wp-json\/wp\/v2\/pages"}],"about":[{"href":"https:\/\/dombelair.com\/fr\/wp-json\/wp\/v2\/types\/page"}],"author":[{"embeddable":true,"href":"https:\/\/dombelair.com\/fr\/wp-json\/wp\/v2\/users\/1"}],"replies":[{"embeddable":true,"href":"https:\/\/dombelair.com\/fr\/wp-json\/wp\/v2\/comments?post=4191"}],"version-history":[{"count":4,"href":"https:\/\/dombelair.com\/fr\/wp-json\/wp\/v2\/pages\/4191\/revisions"}],"predecessor-version":[{"id":4312,"href":"https:\/\/dombelair.com\/fr\/wp-json\/wp\/v2\/pages\/4191\/revisions\/4312"}],"wp:attachment":[{"href":"https:\/\/dombelair.com\/fr\/wp-json\/wp\/v2\/media?parent=4191"}],"curies":[{"name":"wp","href":"https:\/\/api.w.org\/{rel}","templated":true}]}}