{"id":4183,"date":"2022-04-07T13:43:56","date_gmt":"2022-04-07T11:43:56","guid":{"rendered":"https:\/\/client.jc-gien.fr\/domaine-bel-air\/?page_id=4183"},"modified":"2022-09-13T09:16:16","modified_gmt":"2022-09-13T07:16:16","slug":"mot-de-passe-oublie","status":"publish","type":"page","link":"https:\/\/dombelair.com\/fr\/mot-de-passe-oublie\/","title":{"rendered":"Mot de passe oubli\u00e9"},"content":{"rendered":"\n<div class=\"accueil-interne class-parallax bloc-animation-jcg\" style=\"background-image: url(https:\/\/dombelair.com\/fr\/wp-content\/uploads\/2022\/03\/domaine-bel-air-lafond-beaujolais-1.jpg); \">\n  <div class=\"bloc-contenu\n             hauteur-petit    \">\n\n              \n    <\/div>\n<\/div>\n\n<div class=\"bloc-texte bloc-animation-jcg\n       hauteur-petit     typo-normal    \" style=\"\n  background-color: #fff;\n  text-align:center;\n  \"\n  >\n      <div class=\"wrapper-petit\">        <h2 style=\"color: #b3996f;\">Mot de passe oubli\u00e9<\/h2>\n            <div class=\"descriptif\" style=\"color: #888888; column-count: 1;\"><p>Vous avez oubli\u00e9 votre mot de passe ?<\/p>\n<p>Pas d&rsquo;inqui\u00e9tude, saisissez votre adresse e-mail ci dessous<\/p>\n<p>pour recevoir un nouveau mot de passe<\/p>\n<\/div>\n          <\/div>\n<\/div>\n\n\n<div class=\"bloc-mot-de-passe-oublie bloc-animation-jcg\" style=\"display:block; padding:0 0 70px 0; margin:0 auto; max-width:500px; text-align:center;\">\n  <div class=\"wrapper-petit\">\n\n  <form name=\"\" method=\"post\" action=\"\">\n      <input required type=\"email\" class=\"inputtext\" value=\"\" name=\"email_modification_mot_de_passe\" placeholder=\"Saisissez l'adresse e-mail rattach\u00e9e \u00e0 votre compte\" \/>\n      <button typ=\"submit\" class=\"inputbouton\" style=\"margin:30px 0 0 0; \">Recevoir un nouveau mot de passe<\/button>\n  <\/form>\n\n  <\/div>\n<\/div>\n\n\n<div style=\"display:block; padding:0; margin:0; width:100%; height:50px\"><\/div>\n\n\n<div class=\"bloc-cuvees bloc-animation-jcg\n     hauteur-normal       typo-normal  \"\n  style=\"text-align:center; background-color:#ffffff;\n\"\n>\n\n  <div class=\"wrapper-grand\" >    \n  <p class=\"titre\" style=\"color:#b3996f;\">Notre Gamme de vins<\/p>  <div class=\"descriptif\" style=\"color:#8c8c8c;\"><p>Partout dans le monde, on craque pour nos \u00e9l\u00e9gants vins.<br \/>\n<strong>D\u00e9licats, simples et d\u00e9licieux<\/strong><\/p>\n<\/div>\n\n  \n\n\n    <ul class=\"mosaique-cuvees\">\n            <li class=\"cuvees-classiques \">\n       \n          <img decoding=\"async\" src=\"https:\/\/dombelair.com\/fr\/wp-content\/uploads\/2022\/03\/Domaine-bel-air-bouteille-vin-morgon-les-charmes.jpg\" alt=\"Morgon\" class=\"openboximg\" \/>\n          <div class=\"contenutitre\">\n            <h2 style=\"color:#b3996f;\">Morgon<\/h2>\n            <h3 style=\"color:#8c8c8c;\">Les Charmes<\/h3>\n          <\/div>\n          <a class=\"push\" href=\"https:\/\/dombelair.com\/fr\/nos-vins\/morgon-les-charmes\/\">\n            <span class=\"bck-hover\" style=\"background-color:#b3996f;\"><\/span>\n            <span class=\"texte\">D\u00e9couvrir  <i class=\"fa-solid fa-plus\"><\/i><\/span>\n          <\/a>\n          <div class=\"push acheter_cuvees\">\n            <span class=\"bck-hover\" style=\"background-color:#b3996f;\"><\/span>\n            <span class=\"texte\">Acheter <i class=\"fas fa-shopping-cart\"><\/i><\/span>\n            <div class=\"contenu_panier_article\" style=\"display:none !important;\">\n\n              <div class=\"titre\" >Morgon<\/div>\n              <div class=\"nom_produit\">Les Charmes<\/div>\n              <div class=\"description_produit\" >Nous exp\u00e9dions par carton de 6 bouteilles par type de contenant uniquement.<br \/>Vous pouvez r\u00e9aliser le panachage que vous souhaitez.<\/div>\n              \n                              <div class=\"achat_produit\">\n                  <div class=\"titre_produit\" >Bouteille 75cl<\/div>\n                  <input type=\"hidden\" class=\"identifiant_cuvee\" value=\"3825\" \/>\n                  <input type=\"number\" step=\"1\" min=\"0\" value=\"0\" class=\"quantite_produit\">\n                  <input type=\"hidden\" class=\"type_bouteille\" value=\"75cl\" \/>\n                  <div class=\"prix_produit\" >X 13 \u20ac TTC<\/div>\n                  <a class=\"push ajoutpanier\">\n                    <span class=\"bck-hover\" style=\"background-color:#b3996f;\"><\/span>\n                    <span class=\"texte\">Ajouter au panier <i class=\"fa-solid fa-cart-plus\"><\/i><\/span>\n                  <\/a>\n                <\/div>\n                \n            <\/div>\n          <\/div>\n        \n      <\/li>\n            <li class=\"selections-jml \">\n       \n          <img decoding=\"async\" src=\"https:\/\/dombelair.com\/fr\/wp-content\/uploads\/2022\/03\/Domaine-bel-air-bouteille-vin-saint-veran-selection-jean-marc-lafont.jpg\" alt=\"Saint V\u00e9ran\" class=\"openboximg\" \/>\n          <div class=\"contenutitre\">\n            <h2 style=\"color:#b3996f;\">Saint V\u00e9ran<\/h2>\n            <h3 style=\"color:#8c8c8c;\">S\u00e9lection Jean-Marc Lafont<\/h3>\n          <\/div>\n          <a class=\"push\" href=\"https:\/\/dombelair.com\/fr\/nos-vins\/saint-veran-selection-jean-marc-lafont\/\">\n            <span class=\"bck-hover\" style=\"background-color:#b3996f;\"><\/span>\n            <span class=\"texte\">D\u00e9couvrir  <i class=\"fa-solid fa-plus\"><\/i><\/span>\n          <\/a>\n          <div class=\"push acheter_cuvees\">\n            <span class=\"bck-hover\" style=\"background-color:#b3996f;\"><\/span>\n            <span class=\"texte\">Acheter <i class=\"fas fa-shopping-cart\"><\/i><\/span>\n            <div class=\"contenu_panier_article\" style=\"display:none !important;\">\n\n              <div class=\"titre\" >Saint V\u00e9ran<\/div>\n              <div class=\"nom_produit\">S\u00e9lection Jean-Marc Lafont<\/div>\n              <div class=\"description_produit\" >Nous exp\u00e9dions par carton de 6 bouteilles par type de contenant uniquement.<br \/>Vous pouvez r\u00e9aliser le panachage que vous souhaitez.<\/div>\n              \n                              <div class=\"achat_produit\">\n                  <div class=\"titre_produit\" >Bouteille 75cl<\/div>\n                  <input type=\"hidden\" class=\"identifiant_cuvee\" value=\"3833\" \/>\n                  <input type=\"number\" step=\"1\" min=\"0\" value=\"0\" class=\"quantite_produit\">\n                  <input type=\"hidden\" class=\"type_bouteille\" value=\"75cl\" \/>\n                  <div class=\"prix_produit\" >X 15 \u20ac TTC<\/div>\n                  <a class=\"push ajoutpanier\">\n                    <span class=\"bck-hover\" style=\"background-color:#b3996f;\"><\/span>\n                    <span class=\"texte\">Ajouter au panier <i class=\"fa-solid fa-cart-plus\"><\/i><\/span>\n                  <\/a>\n                <\/div>\n                \n            <\/div>\n          <\/div>\n        \n      <\/li>\n            <li class=\"vins-nouveaux \">\n       \n          <img decoding=\"async\" src=\"https:\/\/dombelair.com\/fr\/wp-content\/uploads\/2024\/06\/JEAN-DOMAINE-BEL-AIR-LAFONT-BEAUJOLAIS-VILLAGE-NOUVEAU.png\" alt=\"Beaujolais Villages  Nouveau\" class=\"openboximg\" \/>\n          <div class=\"contenutitre\">\n            <h2 style=\"color:#b3996f;\">Beaujolais Villages  Nouveau<\/h2>\n            <h3 style=\"color:#8c8c8c;\">Cuv\u00e9e Jean<\/h3>\n          <\/div>\n          <a class=\"push\" href=\"https:\/\/dombelair.com\/fr\/nos-vins\/beaujolais-villages-nouveau-cuvee-jean\/\">\n            <span class=\"bck-hover\" style=\"background-color:#b3996f;\"><\/span>\n            <span class=\"texte\">D\u00e9couvrir  <i class=\"fa-solid fa-plus\"><\/i><\/span>\n          <\/a>\n          <div class=\"push acheter_cuvees\">\n            <span class=\"bck-hover\" style=\"background-color:#b3996f;\"><\/span>\n            <span class=\"texte\">Acheter <i class=\"fas fa-shopping-cart\"><\/i><\/span>\n            <div class=\"contenu_panier_article\" style=\"display:none !important;\">\n\n              <div class=\"titre\" >Beaujolais Villages  Nouveau<\/div>\n              <div class=\"nom_produit\">Beaujolais-Villages Nouveau, Cuv\u00e9e Jean<\/div>\n              <div class=\"description_produit\" >Nous exp\u00e9dions par carton de 6 bouteilles par type de contenant uniquement.<br \/>Vous pouvez r\u00e9aliser le panachage que vous souhaitez.<\/div>\n              \n                              <br \/>\n                <div class=\"description_produit\" >Ce vin sera disponible lors de la prochaine campagne des Beaujolais Nouveaux 2024.<\/div>\n                \n            <\/div>\n          <\/div>\n        \n      <\/li>\n            <li class=\"vins-nouveaux \">\n       \n          <img decoding=\"async\" src=\"https:\/\/dombelair.com\/fr\/wp-content\/uploads\/2022\/03\/Domaine-bel-air-bouteille-vin-beaujolais-nouveau-ephemere.jpg\" alt=\"Beaujolais Nouveau\" class=\"openboximg\" \/>\n          <div class=\"contenutitre\">\n            <h2 style=\"color:#b3996f;\">Beaujolais Nouveau<\/h2>\n            <h3 style=\"color:#8c8c8c;\">\u00c9ph\u00e9m\u00e8re<\/h3>\n          <\/div>\n          <a class=\"push\" href=\"https:\/\/dombelair.com\/fr\/nos-vins\/beaujolais-nouveau-ephemere\/\">\n            <span class=\"bck-hover\" style=\"background-color:#b3996f;\"><\/span>\n            <span class=\"texte\">D\u00e9couvrir  <i class=\"fa-solid fa-plus\"><\/i><\/span>\n          <\/a>\n          <div class=\"push acheter_cuvees\">\n            <span class=\"bck-hover\" style=\"background-color:#b3996f;\"><\/span>\n            <span class=\"texte\">Acheter <i class=\"fas fa-shopping-cart\"><\/i><\/span>\n            <div class=\"contenu_panier_article\" style=\"display:none !important;\">\n\n              <div class=\"titre\" >Beaujolais Nouveau<\/div>\n              <div class=\"nom_produit\">Beaujolais Nouveau Eph\u00e9m\u00e8re<\/div>\n              <div class=\"description_produit\" >Nous exp\u00e9dions par carton de 6 bouteilles par type de contenant uniquement.<br \/>Vous pouvez r\u00e9aliser le panachage que vous souhaitez.<\/div>\n              \n                              <br \/>\n                <div class=\"description_produit\" >Ce vin sera disponible lors de la prochaine campagne des Beaujolais Nouveaux 2024.<\/div>\n                \n            <\/div>\n          <\/div>\n        \n      <\/li>\n          <\/ul>\n    <div class=\"clear\"><\/div>\n  <\/div>\n<\/div>\n\n<div class=\"affichage_bloc_ajout_panier\" style=\"display:none;\">\n<div class=\"bloc-ajout-panier\">\n  <div class=\"bloc-ajout-panier-wrapper\">\n    <div class=\"bloc-ajout-panier-wrapper-contenu\">\n      <i class=\"fas fa-times bloc-ajout-panier-close\" aria-hidden=\"true\"><\/i>\n      \n      <div class=\"contenu_panier_article\">\n        \n\n      <\/div>\n     \n    <\/div>\n  <\/div>\n<\/div>\n<\/div>\n","protected":false},"excerpt":{"rendered":"","protected":false},"author":1,"featured_media":0,"parent":0,"menu_order":0,"comment_status":"closed","ping_status":"closed","template":"gutenberg.php","meta":[],"acf":[],"_links":{"self":[{"href":"https:\/\/dombelair.com\/fr\/wp-json\/wp\/v2\/pages\/4183"}],"collection":[{"href":"https:\/\/dombelair.com\/fr\/wp-json\/wp\/v2\/pages"}],"about":[{"href":"https:\/\/dombelair.com\/fr\/wp-json\/wp\/v2\/types\/page"}],"author":[{"embeddable":true,"href":"https:\/\/dombelair.com\/fr\/wp-json\/wp\/v2\/users\/1"}],"replies":[{"embeddable":true,"href":"https:\/\/dombelair.com\/fr\/wp-json\/wp\/v2\/comments?post=4183"}],"version-history":[{"count":8,"href":"https:\/\/dombelair.com\/fr\/wp-json\/wp\/v2\/pages\/4183\/revisions"}],"predecessor-version":[{"id":4313,"href":"https:\/\/dombelair.com\/fr\/wp-json\/wp\/v2\/pages\/4183\/revisions\/4313"}],"wp:attachment":[{"href":"https:\/\/dombelair.com\/fr\/wp-json\/wp\/v2\/media?parent=4183"}],"curies":[{"name":"wp","href":"https:\/\/api.w.org\/{rel}","templated":true}]}}