{"id":3739,"date":"2022-01-21T12:19:49","date_gmt":"2022-01-21T11:19:49","guid":{"rendered":"https:\/\/client.jc-gien.fr\/domaine-bel-air\/?page_id=3739"},"modified":"2023-02-13T16:42:05","modified_gmt":"2023-02-13T15:42:05","slug":"contact","status":"publish","type":"page","link":"https:\/\/dombelair.com\/fr\/contact\/","title":{"rendered":"Contact"},"content":{"rendered":"<div class=\"googlemapblocselection bloc-googlemap bloc-animation-jcg\n       hauteur-petit\">\n\n  <input type=\"hidden\" class=\"latitude\" value=\"46.14624\" \/>\n  <input type=\"hidden\" class=\"longitude\" value=\"4.6037928\" \/>\n  <input type=\"hidden\" class=\"zoom\" value=\"9\" \/>\n  <input type=\"hidden\" class=\"pictogramme\" value=\"https:\/\/dombelair.com\/fr\/wp-content\/uploads\/2022\/04\/picto-1.png\" \/>\n\n  <ul class=\"emplacements\" style=\"display:none !important;\">\n    \n          <li class=\"emplacements_solo\">\n        <input type=\"hidden\" class=\"latitudesup\" value=\"46.1462459\" \/>\n        <input type=\"hidden\" class=\"longitudesup\" value=\"4.6037928\" \/>\n        <div class=\"textesup\"><\/div>\n      <\/li>\n      <\/ul>\n\n\n  <div class=\"wrapper-grand\" >    \n  <div class=\"googlemap\" id=\"maps_222652985\"><\/div>    \n\n  <\/div>\n<\/div>\n\n<div class=\"wrapper-grand\">\n  \n                <div class=\"section-image bloc-animation-jcg\n                                     padding-normal                                     largeur-normal                        \" \n            style=\"background-color:#ffffff;\"\n          >\n\n            <div class=\"colonne-texte\n                         typo-normal                        \"\n            style=\"text-align: center;\"                        >\n              <h2 style=\"color:#b3996f;\">Domaine de Bel-Air<\/h2>\n              <div class=\"descriptif\" style=\"color:#888888;\"><p>SAS Bel-Air, Lieu-Dit Bel-Air<br \/>\n964 Route de Saint Joseph, 69430 Lantigni\u00e9<\/p>\n<p><strong>+33 4 74 04 82 08<\/strong><br \/>\n<strong>info@dombelair.com<\/strong><\/p>\n<\/div>\n              \n                                  <a class=\"push\" href=\"https:\/\/goo.gl\/maps\/qE1Y9hV8YKetcr3fA\">\n                    <span class=\"bck-hover\" style=\"background-color:;\"><\/span>\n                    <span class=\"texte\">Itin\u00e9raire sur Google Maps <i class=\"fa-solid fa-arrow-right-long\"><\/i><\/span>\n                  <\/a>\n                \n                                          <div class=\"image\" style=\"background-image:url(https:\/\/dombelair.com\/fr\/wp-content\/uploads\/2022\/03\/domaine-bel-air-beaujolais-contact-1.jpg);  background-attachment:fixed;  \"><\/div>\n            <\/div>\n        \n          <\/div>\n      \n<\/div>\n\n\n\n\n<div class=\"bloc-signaletique class-parallax bloc-animation-jcg\n       hauteur-petit     typo-normal    \" style=\"\n  background-image:url(https:\/\/dombelair.com\/fr\/wp-content\/uploads\/2022\/01\/domaine-bel-air-beaujolais-3.jpg);\n   background-attachment:fixed;    text-align:center;\n  \">\n  <div class=\"filtre\" style=\"opacity:0.55; background-color:#222222;\"><\/div>\n      <div class=\"wrapper-petit\">    <h2 style=\"color: #b3996f;\">Nous \u00e9crire<\/h2>\n    <h3 style=\"color: #fffffffff;\"><\/h3>\n\n    <form class=\"bloc-signaletique-formulaire\" action=\"#form_nous-n-crire\" id=\"form_nous-n-crire\" method=\"post\" onsubmit='return verificationrgpd();'>\n      <div class=\"colonnage\" style=\"column-count: 2;\">\n\n        <input type=\"hidden\" name=\"email_reception\" value=\"mathildelafont@dombelair.com\" \/>\n\n              \n                        <div class=\"bloc-form\">\n                                <input type=\"text\" name=\"form_champ_0\" placeholder=\"Vos nom et pr\u00e9nom\" value=\"\" required  style=\"border-color: #b3996f;\"\/>\n              <\/div>\n          \n          \n          \n          \n        \n                        <div class=\"bloc-form\">\n                                <input type=\"text\" name=\"form_champ_1\" placeholder=\"Votre t\u00e9l\u00e9phone\" value=\"\" required  style=\"border-color: #b3996f;\"\/>\n              <\/div>\n          \n          \n          \n          \n        \n                        <div class=\"bloc-form\">\n                                <input type=\"text\" name=\"form_champ_2\" placeholder=\"Votre e-mail\" value=\"\" required  style=\"border-color: #b3996f;\"\/>\n              <\/div>\n          \n          \n          \n          \n        \n                        <div class=\"bloc-form\">\n                                <input type=\"text\" name=\"form_champ_3\" placeholder=\"Votre adresse postale\" value=\"\" required  style=\"border-color: #b3996f;\"\/>\n              <\/div>\n          \n          \n          \n          \n        \n          \n          \n                        <div class=\"bloc-form\">\n                                <textarea name=\"form_champ_4\" placeholder=\"Votre message\" required style=\"min-height:226px;border-color: #b3996f;\"><\/textarea>\n              <\/div>\n          \n          \n              \n      <\/div>\n      <div class=\"clear\"><\/div>\n      <div class=\"case-a-cocher\" style=\"color:white ; text-align:left; font-size:0.9rem;\">\n          <input type=\"hidden\" class=\"inputcheckbox acceptationrgpdform\" name=\"acceptationrgpdform\" value=\"0\" required\/>\n          <i class=\"far fa-check-square cocher\" aria-hidden=\"true\"><\/i>\n          <i class=\"far fa-square decocher active\" aria-hidden=\"true\"><\/i> En cochant cette case, vous acceptez les conditions g\u00e9n\u00e9rales d&rsquo;utilisation de notre site internet relatives \u00e0 la RGPD. <a href=\"https:\/\/dombelair.com\/fr\/rgpd\/\" target=\"_blank\" style=\"display:inline-block; padding:0; margin:0; text-transform:none; font-size:0.9rem; color:white; background-color:transparent !important;\">Cliquez ici pour les consulter.<\/a>\n      <\/div>\n\n      <button style=\"background-color: #b3996f; border-color: #b3996f;\" type=\"submit\">Envoyer votre message<\/button>\n    <\/form>\n    \n  <\/div>\n<\/div>\n\n<script>\n\n    function verificationrgpd(){  if($(\".acceptationrgpdform\").val()==0){ alert(\"Veuillez accepter les conditions RGPD.\"); return false; } else { return true; } };\n      \n\n\n  \n  <\/script>\n\n\n<div class=\"bloc-cuvees bloc-animation-jcg\n     hauteur-normal       typo-normal  \"\n  style=\"text-align:center; background-color:#ffffff;\n\"\n>\n\n  <div class=\"wrapper-grand\" >    \n  <p class=\"titre\" style=\"color:#b3996f;\">Notre Gamme de vins<\/p>  <div class=\"descriptif\" style=\"color:#8c8c8c;\"><p>Partout dans le monde, on craque pour nos \u00e9l\u00e9gants vins.<br \/>\n<strong>D\u00e9licats, simples et d\u00e9licieux<\/strong><\/p>\n<\/div>\n\n  \n\n\n    <ul class=\"mosaique-cuvees\">\n            <li class=\"selections-jml \">\n       \n          <img decoding=\"async\" src=\"https:\/\/dombelair.com\/fr\/wp-content\/uploads\/2022\/03\/Domaine-bel-air-bouteille-vin-cremant-de-bourgogne.jpg\" alt=\"Cr\u00e9mant de Bourgogne\" class=\"openboximg\" \/>\n          <div class=\"contenutitre\">\n            <h2 style=\"color:#b3996f;\">Cr\u00e9mant de Bourgogne<\/h2>\n            <h3 style=\"color:#8c8c8c;\">S\u00e9lection Jean-Marc Lafont<\/h3>\n          <\/div>\n          <a class=\"push\" href=\"https:\/\/dombelair.com\/fr\/nos-vins\/cremant-de-bourgogne-selection-jean-marc-lafont\/\">\n            <span class=\"bck-hover\" style=\"background-color:#b3996f;\"><\/span>\n            <span class=\"texte\">D\u00e9couvrir  <i class=\"fa-solid fa-plus\"><\/i><\/span>\n          <\/a>\n          <div class=\"push acheter_cuvees\">\n            <span class=\"bck-hover\" style=\"background-color:#b3996f;\"><\/span>\n            <span class=\"texte\">Acheter <i class=\"fas fa-shopping-cart\"><\/i><\/span>\n            <div class=\"contenu_panier_article\" style=\"display:none !important;\">\n\n              <div class=\"titre\" >Cr\u00e9mant de Bourgogne<\/div>\n              <div class=\"nom_produit\">S\u00e9lection Jean-Marc Lafont<\/div>\n              <div class=\"description_produit\" >Nous exp\u00e9dions par carton de 6 bouteilles par type de contenant uniquement.<br \/>Vous pouvez r\u00e9aliser le panachage que vous souhaitez.<\/div>\n              \n                              <div class=\"achat_produit\">\n                  <div class=\"titre_produit\" >Bouteille 75cl<\/div>\n                  <input type=\"hidden\" class=\"identifiant_cuvee\" value=\"3835\" \/>\n                  <input type=\"number\" step=\"1\" min=\"0\" value=\"0\" class=\"quantite_produit\">\n                  <input type=\"hidden\" class=\"type_bouteille\" value=\"75cl\" \/>\n                  <div class=\"prix_produit\" >X 12 \u20ac TTC<\/div>\n                  <a class=\"push ajoutpanier\">\n                    <span class=\"bck-hover\" style=\"background-color:#b3996f;\"><\/span>\n                    <span class=\"texte\">Ajouter au panier <i class=\"fa-solid fa-cart-plus\"><\/i><\/span>\n                  <\/a>\n                <\/div>\n                \n            <\/div>\n          <\/div>\n        \n      <\/li>\n            <li class=\"selections-jml \">\n       \n          <img decoding=\"async\" src=\"https:\/\/dombelair.com\/fr\/wp-content\/uploads\/2022\/03\/Domaine-bel-air-bouteille-vin-saint-veran-selection-jean-marc-lafont.jpg\" alt=\"Saint V\u00e9ran\" class=\"openboximg\" \/>\n          <div class=\"contenutitre\">\n            <h2 style=\"color:#b3996f;\">Saint V\u00e9ran<\/h2>\n            <h3 style=\"color:#8c8c8c;\">S\u00e9lection Jean-Marc Lafont<\/h3>\n          <\/div>\n          <a class=\"push\" href=\"https:\/\/dombelair.com\/fr\/nos-vins\/saint-veran-selection-jean-marc-lafont\/\">\n            <span class=\"bck-hover\" style=\"background-color:#b3996f;\"><\/span>\n            <span class=\"texte\">D\u00e9couvrir  <i class=\"fa-solid fa-plus\"><\/i><\/span>\n          <\/a>\n          <div class=\"push acheter_cuvees\">\n            <span class=\"bck-hover\" style=\"background-color:#b3996f;\"><\/span>\n            <span class=\"texte\">Acheter <i class=\"fas fa-shopping-cart\"><\/i><\/span>\n            <div class=\"contenu_panier_article\" style=\"display:none !important;\">\n\n              <div class=\"titre\" >Saint V\u00e9ran<\/div>\n              <div class=\"nom_produit\">S\u00e9lection Jean-Marc Lafont<\/div>\n              <div class=\"description_produit\" >Nous exp\u00e9dions par carton de 6 bouteilles par type de contenant uniquement.<br \/>Vous pouvez r\u00e9aliser le panachage que vous souhaitez.<\/div>\n              \n                              <div class=\"achat_produit\">\n                  <div class=\"titre_produit\" >Bouteille 75cl<\/div>\n                  <input type=\"hidden\" class=\"identifiant_cuvee\" value=\"3833\" \/>\n                  <input type=\"number\" step=\"1\" min=\"0\" value=\"0\" class=\"quantite_produit\">\n                  <input type=\"hidden\" class=\"type_bouteille\" value=\"75cl\" \/>\n                  <div class=\"prix_produit\" >X 15 \u20ac TTC<\/div>\n                  <a class=\"push ajoutpanier\">\n                    <span class=\"bck-hover\" style=\"background-color:#b3996f;\"><\/span>\n                    <span class=\"texte\">Ajouter au panier <i class=\"fa-solid fa-cart-plus\"><\/i><\/span>\n                  <\/a>\n                <\/div>\n                \n            <\/div>\n          <\/div>\n        \n      <\/li>\n            <li class=\"cuvees-classiques \">\n       \n          <img decoding=\"async\" src=\"https:\/\/dombelair.com\/fr\/wp-content\/uploads\/2022\/03\/Domaine-bel-air-bouteille-vin-fleurie-granits-roses.jpg\" alt=\"Fleurie\" class=\"openboximg\" \/>\n          <div class=\"contenutitre\">\n            <h2 style=\"color:#b3996f;\">Fleurie<\/h2>\n            <h3 style=\"color:#8c8c8c;\">Granits Roses<\/h3>\n          <\/div>\n          <a class=\"push\" href=\"https:\/\/dombelair.com\/fr\/nos-vins\/fleurie-les-granits-roses\/\">\n            <span class=\"bck-hover\" style=\"background-color:#b3996f;\"><\/span>\n            <span class=\"texte\">D\u00e9couvrir  <i class=\"fa-solid fa-plus\"><\/i><\/span>\n          <\/a>\n          <div class=\"push acheter_cuvees\">\n            <span class=\"bck-hover\" style=\"background-color:#b3996f;\"><\/span>\n            <span class=\"texte\">Acheter <i class=\"fas fa-shopping-cart\"><\/i><\/span>\n            <div class=\"contenu_panier_article\" style=\"display:none !important;\">\n\n              <div class=\"titre\" >Fleurie<\/div>\n              <div class=\"nom_produit\">Les Granits Roses<\/div>\n              <div class=\"description_produit\" >Nous exp\u00e9dions par carton de 6 bouteilles par type de contenant uniquement.<br \/>Vous pouvez r\u00e9aliser le panachage que vous souhaitez.<\/div>\n              \n                              <div class=\"achat_produit\">\n                  <div class=\"titre_produit\" >Bouteille 75cl<\/div>\n                  <input type=\"hidden\" class=\"identifiant_cuvee\" value=\"3826\" \/>\n                  <input type=\"number\" step=\"1\" min=\"0\" value=\"0\" class=\"quantite_produit\">\n                  <input type=\"hidden\" class=\"type_bouteille\" value=\"75cl\" \/>\n                  <div class=\"prix_produit\" >X 14 \u20ac TTC<\/div>\n                  <a class=\"push ajoutpanier\">\n                    <span class=\"bck-hover\" style=\"background-color:#b3996f;\"><\/span>\n                    <span class=\"texte\">Ajouter au panier <i class=\"fa-solid fa-cart-plus\"><\/i><\/span>\n                  <\/a>\n                <\/div>\n                \n            <\/div>\n          <\/div>\n        \n      <\/li>\n            <li class=\"vins-nouveaux \">\n       \n          <img decoding=\"async\" src=\"https:\/\/dombelair.com\/fr\/wp-content\/uploads\/2022\/03\/Domaine-bel-air-bouteille-vin-beaujolais-nouveau-ephemere.jpg\" alt=\"Beaujolais Nouveau\" class=\"openboximg\" \/>\n          <div class=\"contenutitre\">\n            <h2 style=\"color:#b3996f;\">Beaujolais Nouveau<\/h2>\n            <h3 style=\"color:#8c8c8c;\">\u00c9ph\u00e9m\u00e8re<\/h3>\n          <\/div>\n          <a class=\"push\" href=\"https:\/\/dombelair.com\/fr\/nos-vins\/beaujolais-nouveau-ephemere\/\">\n            <span class=\"bck-hover\" style=\"background-color:#b3996f;\"><\/span>\n            <span class=\"texte\">D\u00e9couvrir  <i class=\"fa-solid fa-plus\"><\/i><\/span>\n          <\/a>\n          <div class=\"push acheter_cuvees\">\n            <span class=\"bck-hover\" style=\"background-color:#b3996f;\"><\/span>\n            <span class=\"texte\">Acheter <i class=\"fas fa-shopping-cart\"><\/i><\/span>\n            <div class=\"contenu_panier_article\" style=\"display:none !important;\">\n\n              <div class=\"titre\" >Beaujolais Nouveau<\/div>\n              <div class=\"nom_produit\">Beaujolais Nouveau Eph\u00e9m\u00e8re<\/div>\n              <div class=\"description_produit\" >Nous exp\u00e9dions par carton de 6 bouteilles par type de contenant uniquement.<br \/>Vous pouvez r\u00e9aliser le panachage que vous souhaitez.<\/div>\n              \n                              <br \/>\n                <div class=\"description_produit\" >Ce vin sera disponible lors de la prochaine campagne des Beaujolais Nouveaux 2024.<\/div>\n                \n            <\/div>\n          <\/div>\n        \n      <\/li>\n          <\/ul>\n    <div class=\"clear\"><\/div>\n  <\/div>\n<\/div>\n\n<div class=\"affichage_bloc_ajout_panier\" style=\"display:none;\">\n<div class=\"bloc-ajout-panier\">\n  <div class=\"bloc-ajout-panier-wrapper\">\n    <div class=\"bloc-ajout-panier-wrapper-contenu\">\n      <i class=\"fas fa-times bloc-ajout-panier-close\" aria-hidden=\"true\"><\/i>\n      \n      <div class=\"contenu_panier_article\">\n        \n\n      <\/div>\n     \n    <\/div>\n  <\/div>\n<\/div>\n<\/div>\n","protected":false},"excerpt":{"rendered":"","protected":false},"author":1,"featured_media":0,"parent":0,"menu_order":0,"comment_status":"closed","ping_status":"closed","template":"gutenberg.php","meta":[],"acf":[],"_links":{"self":[{"href":"https:\/\/dombelair.com\/fr\/wp-json\/wp\/v2\/pages\/3739"}],"collection":[{"href":"https:\/\/dombelair.com\/fr\/wp-json\/wp\/v2\/pages"}],"about":[{"href":"https:\/\/dombelair.com\/fr\/wp-json\/wp\/v2\/types\/page"}],"author":[{"embeddable":true,"href":"https:\/\/dombelair.com\/fr\/wp-json\/wp\/v2\/users\/1"}],"replies":[{"embeddable":true,"href":"https:\/\/dombelair.com\/fr\/wp-json\/wp\/v2\/comments?post=3739"}],"version-history":[{"count":36,"href":"https:\/\/dombelair.com\/fr\/wp-json\/wp\/v2\/pages\/3739\/revisions"}],"predecessor-version":[{"id":4364,"href":"https:\/\/dombelair.com\/fr\/wp-json\/wp\/v2\/pages\/3739\/revisions\/4364"}],"wp:attachment":[{"href":"https:\/\/dombelair.com\/fr\/wp-json\/wp\/v2\/media?parent=3739"}],"curies":[{"name":"wp","href":"https:\/\/api.w.org\/{rel}","templated":true}]}}