{"id":3729,"date":"2022-01-20T19:31:47","date_gmt":"2022-01-20T18:31:47","guid":{"rendered":"https:\/\/client.jc-gien.fr\/domaine-bel-air\/?page_id=3729"},"modified":"2025-12-19T11:11:32","modified_gmt":"2025-12-19T10:11:32","slug":"une-histoire-de-famille","status":"publish","type":"page","link":"https:\/\/dombelair.com\/fr\/une-histoire-de-famille\/","title":{"rendered":"Une histoire de famille"},"content":{"rendered":"\n<div class=\"accueil-interne class-parallax bloc-animation-jcg\" style=\"background-image: url(https:\/\/dombelair.com\/fr\/wp-content\/uploads\/2022\/01\/domaine-bel-air-beaujolais-3.jpg); \">\n  <div class=\"bloc-contenu\n         hauteur-normal        \">\n\n                \n          \n            <div class=\"contenu\n             typo-grand                                    \" \n            style=\"text-align:center; vertical-align:middle;\"\n            >\n\n                        <div class=\"wrapper-normal\">                  \n\n              <a class=\"filtre\" style=\"background-color:rgba(179,153,111,0.9);\"\n                 \n              >\n                                  <h2 style=\"color: #fff;\">Une histoire de famille<\/h2>\n                                                  <div class=\"descriptif\" style=\"color: #fff;\"><p>Le Domaine de Bel-Air est <strong>un domaine viticole familial<\/strong><br \/>\n<strong>situ\u00e9 au c\u0153ur du Beaujolais,<\/strong> dominant la capitale historique<br \/>\ndu Beaujolais.<\/p>\n<\/div>\n                              <\/a>\n\n              <\/div>\n              \n            <\/div>\n\n          \n          \n          \n                      \n    <\/div>\n<\/div>\n\n<div class=\"bloc-texte bloc-animation-jcg\n     hauteur-normal     typo-grand      \" style=\"\n  background-color: #f4f4f4;\n  text-align:left;\n  \"\n  >\n    <div class=\"wrapper-normal\">          <h2 style=\"color: #b3996f;\">1850, les premi\u00e8res ann\u00e9es<\/h2>\n            <div class=\"descriptif\" style=\"color: #888888; column-count: 1;\"><p>L\u2019histoire du Domaine commence en 1840.<\/p>\n<p>Le vignoble, situ\u00e9 sur <strong>des terroirs de granits bleus expos\u00e9s plein sud,<\/strong><\/p>\n<p>permet l\u2019\u00e9laboration <strong>de magnifiques gamays fruit\u00e9s et g\u00e9n\u00e9reux.<\/strong><\/p>\n<\/div>\n          <\/div>\n<\/div>\n\n<div class=\"wrapper-grand\">\n  \n                <div class=\"section-image bloc-animation-jcg\n                         padding-grand                                     largeur-grand                                    \" \n            style=\"background-color:#f4f4f4;\"\n          >\n\n            <div class=\"colonne-texte\n             typo-grand                                    \"\n                                    >\n              <h2 style=\"color:#b3996f;\">1950<\/h2>\n              <div class=\"descriptif\" style=\"color:#888888;\"><p><strong>L\u2019ensemble des travaux de cultures de la vigne<\/strong> est effectu\u00e9 par Jean &amp; Marie-Th\u00e9r\u00e8se Lafont.<\/p>\n<\/div>\n                                          <div class=\"image\" style=\"background-image:url(https:\/\/dombelair.com\/fr\/wp-content\/uploads\/2022\/03\/domaine-bel-air-beaujolais-histoire-famille-1.jpg);  background-attachment:fixed;  \"><\/div>\n            <\/div>\n        \n          <\/div>\n                <div class=\"section-image bloc-animation-jcg\n             inverse             padding-grand                                     largeur-grand                                    \" \n            style=\"background-color:#f4f4f4;\"\n          >\n\n            <div class=\"colonne-texte\n             typo-grand                                    \"\n                        style=\"text-align: left;\"            >\n              <h2 style=\"color:#b3996f;\">1980<\/h2>\n              <div class=\"descriptif\" style=\"color:#888888;\"><p><strong>Leur fils, Jean-Marc, les rejoint sur le domaine.<\/strong><br \/>\nDe son enfance, Jean-Marc garde <strong>des parfums, des odeurs,<\/strong> mais aussi <strong>l\u2019amour du travail bien fait<\/strong> que lui ont enseign\u00e9 ses parents.<\/p>\n<\/div>\n                                          <div class=\"image\" style=\"background-image:url(https:\/\/dombelair.com\/fr\/wp-content\/uploads\/2022\/03\/domaine-bel-air-beaujolais-histoire-famille-2.jpg);  background-attachment:fixed;  \"><\/div>\n            <\/div>\n        \n          <\/div>\n                <div class=\"section-image bloc-animation-jcg\n                         padding-grand                                     largeur-grand                                    \" \n            style=\"background-color:#f4f4f4;\"\n          >\n\n            <div class=\"colonne-texte\n             typo-grand                                    \"\n                                    >\n              <h2 style=\"color:#b3996f;\">1986, l\u2019\u00e8re Moderne<\/h2>\n              <div class=\"descriptif\" style=\"color:#888888;\"><p><strong>Annick et Jean-Marc prennent la direction du Domaine<\/strong> et d\u00e9butent la culture des vignes avec l\u2019ambition de <strong>cr\u00e9er des vins d\u2019une qualit\u00e9 sup\u00e9rieure,<\/strong> tout en d\u00e9veloppant une v\u00e9ritable image de marque.<\/p>\n<\/div>\n                                          <div class=\"image\" style=\"background-image:url(https:\/\/dombelair.com\/fr\/wp-content\/uploads\/2022\/03\/domaine-bel-air-beaujolais-histoire-famille-3-1.jpg);  background-attachment:fixed;  \"><\/div>\n            <\/div>\n        \n          <\/div>\n      \n<\/div>\n\n\n\n\n<div class=\"bloc-texte bloc-animation-jcg\n     hauteur-normal     typo-grand      \" style=\"\n  background-color: #fff;\n  text-align:left;\n  \"\n  >\n    <div class=\"wrapper-normal\">          <h2 style=\"color: #b3996f;\">1992, la lutte raisonn\u00e9e,<br \/>le respect des terroirs.<\/h2>\n            <div class=\"descriptif\" style=\"color: #888888; column-count: 2;\"><p><strong>Passionn\u00e9s et d\u00e9termin\u00e9s,<\/strong> ils rompent avec les usages habituels de la r\u00e9gion et mettent en place, d\u00e8s 1992, la <strong>lutte raisonn\u00e9e<\/strong>, avec pour objectif <strong>le respect des terroirs.<\/strong><\/p>\n<p>&nbsp;<\/p>\n<p>Ils s\u2019\u00e9quipent de techniques et d\u2019outils modernes et performants pour suivre leur ambition\u00a0: <strong>offrir des vins qui soient de fid\u00e8les repr\u00e9sentants de leurs terroirs.<\/strong><\/p>\n<\/div>\n          <\/div>\n<\/div>\n\n\n<div class=\"accueil-interne class-parallax bloc-animation-jcg\" style=\"background-image: url(https:\/\/dombelair.com\/fr\/wp-content\/uploads\/2022\/03\/domaine-bel-air-beaujolais-histoire-famille-4-1.jpg);  background-attachment:fixed;  \">\n  <div class=\"bloc-contenu\n     hauteur-grand            \">\n\n                \n          \n            <div class=\"contenu\n                         typo-normal                        \" \n            style=\"text-align:left; vertical-align:middle;\"\n            >\n\n            <div class=\"wrapper-grand\" >                              \n\n              <a class=\"filtre\" style=\"background-color:rgba(179,153,111,0.9);\"\n                 \n              >\n                                  <h2 style=\"color: #ffffff;\">Par la suite, le domaine d\u00e9cide de s\u2019agrandir <br \/>afin d\u2019offrir une palette d\u2019appellations plus diversifi\u00e9es : <br \/>l\u2019aventure est lanc\u00e9e !<\/h2>\n                                              <\/a>\n\n              <\/div>\n              \n            <\/div>\n\n          \n          \n          \n                      \n    <\/div>\n<\/div>\n\n<div class=\"bloc-texte bloc-animation-jcg\n       hauteur-petit     typo-normal    \" style=\"\n  background-color: #fff;\n  text-align:center;\n  \"\n   id=\"bloctextefamilleconclusion\"  >\n    <div class=\"wrapper-normal\">          <h2 style=\"color: #555555;\">Forts de nombreuses r\u00e9compenses et \u00e9loges de critiques de vin les plus renomm\u00e9s,  les vins du Domaine de Bel-Air sont maintenant vendus dans plus de 50 pays.<\/h2>\n              <\/div>\n<\/div>\n\n<div class=\"bloc-citation bloc-animation-jcg\n       hauteur-petit     typo-normal    \" style=\"\n  background-color: #fff;\n  text-align:center;\n  \">\n  <div class=\"wrapper-grand\" >            <div class=\"citation\" style=\"color: #b3996f;\">\n      <i class=\"fas fa-quote-left\" style=\"display:block; padding:0 0 20px 0; margin:0\"><\/i>      Ce qui nous fait r\u00e9ellement plaisir, <br \/>\r\nc\u2019est le fait que nos vins, synonymes de partage <br \/>\r\nen famille et entre amis, fassent aujourd\u2019hui <br \/>\r\npartie int\u00e9grante du quotidien.      <i class=\"fas fa-quote-right\" style=\"display:block; padding:20px 0 0px 0; margin:0\"><\/i>    <\/div>\n      <\/div>\n<\/div>\n\n<div class=\"bloc-mosaique bloc-animation-jcg\n       hauteur-petit       typo-petit       hauteur-interne-petit\"\n style=\"\n  background-color:#fff;\n  text-align:center;\n\">\n\n  <div class=\"wrapper-grand\" >    \n    <ul class=\"mosaique\" style=\"border-spacing:10px\">\n\n            <li class=\"element\">\n        <div class=\"background\" style=\"background-image:url(https:\/\/dombelair.com\/fr\/wp-content\/uploads\/2022\/03\/domaine-bel-air-travail-vigne-vignification-beaujolais-1.jpg);\"><\/div>\n        <div class=\"filtre\" style=\"opacity:0; background-color:#b3996f;\"><\/div>\n        <div class=\"bloc-slogan\"><span class=\"slogan\" style=\"background-color:#b3996f;\">Notre philosophie<\/span><\/div>\n        <h2><span class=\"big\">Notre philosophie <\/span>Notre Domaine, engag\u00e9 dans les d\u00e9marches environnementales, est certifi\u00e9 HVE 3<\/h2>\n        <h3>Ce dispositif de certification environnementale est issu du Grenelle de l\u2019environnement. Il permet d\u2019identifier et de valoriser les pratiques respectueuses de l\u2019environnement et porte sur des th\u00e9matiques cl\u00e9s : la biodiversit\u00e9, la gestion de la fertilisation et des ressources en eau.<\/h3>\n        <a href=\"https:\/\/dombelair.com\/fr\/notre-philosophie\/\">\n          <span class=\"bck\"><\/span>\n          <span class=\"bck-hover\" style=\"background-color:#b3996f;\"><\/span>\n          En savoir plus <i class=\"fa-classic fa-solid fa-right-long\" aria-hidden=\"true\"><\/i>        <\/a>\n      <\/li>\n            <li class=\"element\">\n        <div class=\"background\" style=\"background-image:url(https:\/\/dombelair.com\/fr\/wp-content\/uploads\/2022\/03\/domaine-bel-air-convivialite-partage-beaujolais-beaujonomie-1.jpg);\"><\/div>\n        <div class=\"filtre\" style=\"opacity:0; background-color:#b3996f;\"><\/div>\n        <div class=\"bloc-slogan\"><span class=\"slogan\" style=\"background-color:#b3996f;\">Actualit\u00e9s<\/span><\/div>\n        <h2><span class=\"big\">Actualit\u00e9s <\/span><\/h2>\n        <h3><\/h3>\n        <a href=\"https:\/\/dombelair.com\/fr\/nos-actualites\/\">\n          <span class=\"bck\"><\/span>\n          <span class=\"bck-hover\" style=\"background-color:#b3996f;\"><\/span>\n          En savoir plus <i class=\"fa-classic fa-solid fa-right-long\" aria-hidden=\"true\"><\/i>        <\/a>\n      <\/li>\n            <li class=\"element\">\n        <div class=\"background\" style=\"background-image:url(https:\/\/dombelair.com\/fr\/wp-content\/uploads\/2022\/03\/domaine-bel-air-fleurie-granits-roses-2-scaled.jpg);\"><\/div>\n        <div class=\"filtre\" style=\"opacity:0; background-color:#b3996f;\"><\/div>\n        <div class=\"bloc-slogan\"><span class=\"slogan\" style=\"background-color:#b3996f;\">Boutique en ligne<\/span><\/div>\n        <h2><span class=\"big\">Boutique en ligne <\/span>D\u00e9couvrez notre gamme de vins<\/h2>\n        <h3>Partout dans le monde, on craque pour nos \u00e9l\u00e9gants vins. D\u00e9licats, simples et d\u00e9licieux. D\u00e9couvrez et achetez nos vins en ligne, nous exp\u00e9dions par cartons de 6 bouteilles, panachage possible. Paiement par carte bancaire en ligne s\u00e9curis\u00e9.<\/h3>\n        <a href=\"https:\/\/dombelair.com\/fr\/nos-vins\/\">\n          <span class=\"bck\"><\/span>\n          <span class=\"bck-hover\" style=\"background-color:#b3996f;\"><\/span>\n          En savoir plus <i class=\"fa-classic fa-solid fa-right-long\" aria-hidden=\"true\"><\/i>        <\/a>\n      <\/li>\n            <li class=\"element\">\n        <div class=\"background\" style=\"background-image:url(https:\/\/dombelair.com\/fr\/wp-content\/uploads\/2022\/03\/domaine-bel-air-travail-vigne-hve-beaujolais.jpg);\"><\/div>\n        <div class=\"filtre\" style=\"opacity:0; background-color:#b3996f;\"><\/div>\n        <div class=\"bloc-slogan\"><span class=\"slogan\" style=\"background-color:#b3996f;\">Nous contacter<\/span><\/div>\n        <h2><span class=\"big\">Nous contacter <\/span>Domaine de Bel-Air<\/h2>\n        <h3><\/h3>\n        <a href=\"https:\/\/dombelair.com\/fr\/contact\/\">\n          <span class=\"bck\"><\/span>\n          <span class=\"bck-hover\" style=\"background-color:#b3996f;\"><\/span>\n          En savoir plus <i class=\"fa-classic fa-solid fa-right-long\" aria-hidden=\"true\"><\/i>        <\/a>\n      <\/li>\n      \n    <\/ul>\n\n  <\/div>\n<\/div>","protected":false},"excerpt":{"rendered":"","protected":false},"author":1,"featured_media":0,"parent":0,"menu_order":0,"comment_status":"closed","ping_status":"closed","template":"gutenberg.php","meta":[],"acf":[],"_links":{"self":[{"href":"https:\/\/dombelair.com\/fr\/wp-json\/wp\/v2\/pages\/3729"}],"collection":[{"href":"https:\/\/dombelair.com\/fr\/wp-json\/wp\/v2\/pages"}],"about":[{"href":"https:\/\/dombelair.com\/fr\/wp-json\/wp\/v2\/types\/page"}],"author":[{"embeddable":true,"href":"https:\/\/dombelair.com\/fr\/wp-json\/wp\/v2\/users\/1"}],"replies":[{"embeddable":true,"href":"https:\/\/dombelair.com\/fr\/wp-json\/wp\/v2\/comments?post=3729"}],"version-history":[{"count":47,"href":"https:\/\/dombelair.com\/fr\/wp-json\/wp\/v2\/pages\/3729\/revisions"}],"predecessor-version":[{"id":4424,"href":"https:\/\/dombelair.com\/fr\/wp-json\/wp\/v2\/pages\/3729\/revisions\/4424"}],"wp:attachment":[{"href":"https:\/\/dombelair.com\/fr\/wp-json\/wp\/v2\/media?parent=3729"}],"curies":[{"name":"wp","href":"https:\/\/api.w.org\/{rel}","templated":true}]}}