{"id":4276,"date":"2022-06-20T18:54:54","date_gmt":"2022-06-20T16:54:54","guid":{"rendered":"https:\/\/client.jc-gien.fr\/domaine-bel-air\/?page_id=4276"},"modified":"2022-10-19T17:59:14","modified_gmt":"2022-10-19T15:59:14","slug":"legal-notice","status":"publish","type":"page","link":"https:\/\/dombelair.com\/en\/legal-notice\/","title":{"rendered":"Legal notice"},"content":{"rendered":"\n<div class=\"accueil-interne class-parallax bloc-animation-jcg\" style=\"background-image: url(https:\/\/dombelair.com\/en\/wp-content\/uploads\/2022\/03\/Domaine-bel-air-parcelle-vigne-brouilly-gorges-loup-scaled.jpg);  background-attachment:fixed;  \">\n  <div class=\"bloc-contenu\n         hauteur-normal        \">\n\n                \n          \n            <div class=\"contenu\n                         typo-normal                        \" \n            style=\"text-align:center; vertical-align:middle;\"\n            >\n\n            <div class=\"wrapper-grand\" >                              \n\n              <a class=\"filtre\" style=\"background-color:rgba(179,153,111,0.9);\"\n                 \n              >\n                                  <h2 style=\"color: #fff;\">Mentions l\u00e9gales<\/h2>\n                                                  <div class=\"descriptif\" style=\"color: #fff;\"><p>Domaine de Bel-Air | Annick &amp; Jean-Marc Lafont | Vins du Beaujolais<\/p>\n<\/div>\n                              <\/a>\n\n              <\/div>\n              \n            <\/div>\n\n          \n          \n          \n                      \n    <\/div>\n<\/div>\n\n<div style=\"display:block; padding:0; margin:0; width:100%; height:70px\"><\/div>\n\n<div class=\"bloc-texte bloc-animation-jcg\n       hauteur-petit       typo-petit  \" style=\"\n  background-color: #fff;\n  text-align:left;\n  \"\n  >\n      <div class=\"wrapper-petit\">        <h2 style=\"color: #b3996f;\">Propri\u00e9taire du site Internet<\/h2>\n            <div class=\"descriptif\" style=\"color: #545454; column-count: 1;\"><p>Domaine de Bel Air &#8211; Annick &amp; Jean-Marc Lafont<br \/>\n69430 LANTIGNIE &#8211; FRANCE<br \/>\n+33 (0)4 74 04 82 08<br \/>\ninfo@dombelair.com<\/p>\n<\/div>\n          <\/div>\n<\/div>\n\n<div class=\"bloc-texte bloc-animation-jcg\n       hauteur-petit       typo-petit  \" style=\"\n  background-color: #fff;\n  text-align:left;\n  \"\n  >\n      <div class=\"wrapper-petit\">        <h2 style=\"color: #b3996f;\">H\u00e9bergement<\/h2>\n            <div class=\"descriptif\" style=\"color: #545454; column-count: 1;\"><p>OVH<\/p>\n<p>SAS au capital de 10 174 560 \u20ac<br \/>\nRCS Lille M\u00e9tropole 424 761 419 00045<br \/>\nCode APE 2620Z<br \/>\nN\u00b0 TVA : FR 22 424 761 419<br \/>\nSi\u00e8ge social : 2 rue Kellermann &#8211; 59100 Roubaix &#8211; France<\/p>\n<\/div>\n          <\/div>\n<\/div>\n\n<div class=\"bloc-texte bloc-animation-jcg\n       hauteur-petit       typo-petit  \" style=\"\n  background-color: #fff;\n  text-align:left;\n  \"\n  >\n      <div class=\"wrapper-petit\">        <h2 style=\"color: #b3996f;\">R\u00e8glement d&rsquo;utilisation<\/h2>\n            <div class=\"descriptif\" style=\"color: #545454; column-count: 1;\"><p style=\"text-align: justify\">L\u2019utilisateur est inform\u00e9 que, conform\u00e9ment \u00e0 l\u2019article 27 de la loi informatique, fichiers et libert\u00e9s du 6 janvier 1978, les informations communiqu\u00e9es par l\u2019utilisateur du fait des formulaires pr\u00e9sents sur le site sont n\u00e9cessaires pour r\u00e9pondre \u00e0 sa demande et est exclusivement destin\u00e9 \u00e0 Domaine de Bel-Air. L\u2019utilisateur est inform\u00e9 qu\u2019il dispose d\u2019un droit d\u2019acc\u00e8s et de rectification portant sur les donn\u00e9es le concernant en \u00e9crivant \u00e0 l\u2019adresse suivante :<br \/>\ninfo@dombelair.com<br \/>\nLes utilisateurs du site Web Domaine de Bel-Air sont tenus de respecter les dispositions de la loi relative \u00e0 l\u2019informatique, aux fichiers et aux libert\u00e9s, dont la violation est passible de sanctions p\u00e9nales. Ils doivent notamment s\u2019abstenir, s\u2019agissant des informations nominatives auxquelles ils acc\u00e8dent, de toute collecte, de toute utilisation d\u00e9tourn\u00e9e et, d\u2019une mani\u00e8re g\u00e9n\u00e9rale, de tout acte susceptible de porter atteinte \u00e0 Domaine de Bel-Air, \u00e0 la vie priv\u00e9e ou \u00e0 la r\u00e9putation des personnes. La structure g\u00e9n\u00e9rale, ainsi que les textes, images anim\u00e9es ou non, savoir-faire et tous les autres \u00e9l\u00e9ments composant le site sont la propri\u00e9t\u00e9 exclusive de Domaine de Bel-Air. Toute repr\u00e9sentation totale ou partielle de ce site par quelque soci\u00e9t\u00e9 que ce soit, sans l\u2019autorisation expresse du Cabinet du responsable de la publication est interdite et constituerait une contrefa\u00e7on sanctionn\u00e9e par les articles L.335-2 et suivants du Code de la propri\u00e9t\u00e9 intellectuelle. Toute reproduction totale ou partielle des marques ou logos, effectu\u00e9e \u00e0 partir des \u00e9l\u00e9ments du site sans l\u2019autorisation expresse du ou des d\u00e9tenteurs des droits s\u2019y rapportant est donc prohib\u00e9e, au sens de l\u2019article L.713-2 du Code de la propri\u00e9t\u00e9 intellectuelle. Les liens hypertextes mis en place sur le site peuvent conduire l\u2019utilisateur sur divers sites. Il est pr\u00e9cis\u00e9 que Domaine de Bel-Air n\u2019a pas v\u00e9rifi\u00e9 tous les sites \u00e9ventuellement reli\u00e9s au sien, leur contenu et les informations qui y sont pr\u00e9sentes, et invitent l\u2019utilisateur, sous sa responsabilit\u00e9, \u00e0 valider la conformit\u00e9, l\u2019exactitude, la compl\u00e9tude et\/ou la lic\u00e9it\u00e9 des informations et\/ou contenus auxquels ils ont acc\u00e8s sur ces sites. Domaine de Bel-Air d\u00e9cline par cons\u00e9quent toute responsabilit\u00e9 sur les contenus et services offerts sur les sites auxquels le visiteur a acc\u00e8s \u00e0 partir d\u2019hyperliens de son site Domaine de Bel-Air et sur l\u2019utilisation qui en est faite par l\u2019utilisateur. Le recours \u00e0 ces sites par l\u2019utilisateur rel\u00e8ve de sa seule responsabilit\u00e9. Les utilisateurs et visiteurs du site Web ne peuvent mettre en place un hyperlien en direction de ce site sans l\u2019autorisation expresse et pr\u00e9alable du responsable de la publication. Domaine de Bel-Air met tout en \u0153uvre pour offrir aux utilisateurs des informations et\/ou outils disponibles et v\u00e9rifi\u00e9s, mais ne saurait en aucun cas \u00eatre tenu pour responsable des erreurs, d\u2019une absence de disponibilit\u00e9 des informations et\/ou de la pr\u00e9sence de virus sur son site.<\/p>\n<\/div>\n          <\/div>\n<\/div>\n\n<div style=\"display:block; padding:0; margin:0; width:100%; height:70px\"><\/div>","protected":false},"excerpt":{"rendered":"","protected":false},"author":1,"featured_media":0,"parent":0,"menu_order":0,"comment_status":"closed","ping_status":"closed","template":"gutenberg.php","meta":{"_acf_changed":false,"footnotes":""},"class_list":["post-4276","page","type-page","status-publish","hentry"],"acf":[],"_links":{"self":[{"href":"https:\/\/dombelair.com\/en\/wp-json\/wp\/v2\/pages\/4276","targetHints":{"allow":["GET"]}}],"collection":[{"href":"https:\/\/dombelair.com\/en\/wp-json\/wp\/v2\/pages"}],"about":[{"href":"https:\/\/dombelair.com\/en\/wp-json\/wp\/v2\/types\/page"}],"author":[{"embeddable":true,"href":"https:\/\/dombelair.com\/en\/wp-json\/wp\/v2\/users\/1"}],"replies":[{"embeddable":true,"href":"https:\/\/dombelair.com\/en\/wp-json\/wp\/v2\/comments?post=4276"}],"version-history":[{"count":7,"href":"https:\/\/dombelair.com\/en\/wp-json\/wp\/v2\/pages\/4276\/revisions"}],"predecessor-version":[{"id":4337,"href":"https:\/\/dombelair.com\/en\/wp-json\/wp\/v2\/pages\/4276\/revisions\/4337"}],"wp:attachment":[{"href":"https:\/\/dombelair.com\/en\/wp-json\/wp\/v2\/media?parent=4276"}],"curies":[{"name":"wp","href":"https:\/\/api.w.org\/{rel}","templated":true}]}}