{"id":3729,"date":"2022-01-20T19:31:47","date_gmt":"2022-01-20T18:31:47","guid":{"rendered":"https:\/\/client.jc-gien.fr\/domaine-bel-air\/?page_id=3729"},"modified":"2024-02-29T15:40:43","modified_gmt":"2024-02-29T14:40:43","slug":"a-family-story","status":"publish","type":"page","link":"https:\/\/dombelair.com\/en\/a-family-story\/","title":{"rendered":"A family story"},"content":{"rendered":"\n<div class=\"accueil-interne class-parallax bloc-animation-jcg\" style=\"background-image: url(https:\/\/dombelair.com\/en\/wp-content\/uploads\/2022\/01\/domaine-bel-air-beaujolais-3.jpg); \">\n  <div class=\"bloc-contenu\n         hauteur-normal        \">\n\n                \n          \n            <div class=\"contenu\n             typo-grand                                    \" \n            style=\"text-align:center; vertical-align:middle;\"\n            >\n\n                        <div class=\"wrapper-normal\">                  \n\n              <a class=\"filtre\" style=\"background-color:rgba(179,153,111,0.9);\"\n                 \n              >\n                                  <h2 style=\"color: #fff;\">A family story<\/h2>\n                                                  <div class=\"descriptif\" style=\"color: #fff;\"><p>Domaine de Bel-Air is <strong>a family winemaking estate in the heart <\/strong><\/p>\n<p><strong>of the Beaujolais region,<\/strong> overlooking its historic capital.<\/p>\n<\/div>\n                              <\/a>\n\n              <\/div>\n              \n            <\/div>\n\n          \n          \n          \n                      \n    <\/div>\n<\/div>\n\n<div class=\"bloc-texte bloc-animation-jcg\n     hauteur-normal     typo-grand      \" style=\"\n  background-color: #f4f4f4;\n  text-align:left;\n  \"\n  >\n    <div class=\"wrapper-normal\">          <h2 style=\"color: #b3996f;\">1850, the beginnings<\/h2>\n            <div class=\"descriptif\" style=\"color: #888888; column-count: 1;\"><p>The estate\u2019s history started in 1840.<\/p>\n<p><strong>Blue granite south facing vineyards<\/strong> gave the raw material<\/p>\n<p><strong>for magnificent fruity and generous<\/strong> Gamay wines.<\/p>\n<\/div>\n          <\/div>\n<\/div>\n\n<div class=\"wrapper-grand\">\n  \n                <div class=\"section-image bloc-animation-jcg\n                         padding-grand                                     largeur-grand                                    \" \n            style=\"background-color:#f4f4f4;\"\n          >\n\n            <div class=\"colonne-texte\n             typo-grand                                    \"\n                                    >\n              <h2 style=\"color:#b3996f;\">1950<\/h2>\n              <div class=\"descriptif\" style=\"color:#888888;\"><p><strong>Jean and Marie-Th\u00e9r\u00e8se Lafont <\/strong>were the ones doing the entirety of the vine tending work.<\/p>\n<\/div>\n                                          <div class=\"image\" style=\"background-image:url(https:\/\/dombelair.com\/en\/wp-content\/uploads\/2022\/03\/domaine-bel-air-beaujolais-histoire-famille-1.jpg);  background-attachment:fixed;  \"><\/div>\n            <\/div>\n        \n          <\/div>\n                <div class=\"section-image bloc-animation-jcg\n             inverse             padding-grand                                     largeur-grand                                    \" \n            style=\"background-color:#f4f4f4;\"\n          >\n\n            <div class=\"colonne-texte\n             typo-grand                                    \"\n                        style=\"text-align: left;\"            >\n              <h2 style=\"color:#b3996f;\">1980<\/h2>\n              <div class=\"descriptif\" style=\"color:#888888;\"><p><strong>Their son, Jean-Marc, joined them on the estate.<\/strong> His childhood was steeped in scents and fragrances as well <strong>as love for a job well done,<\/strong> taught to him by his parents.<\/p>\n<\/div>\n                                          <div class=\"image\" style=\"background-image:url(https:\/\/dombelair.com\/en\/wp-content\/uploads\/2022\/03\/domaine-bel-air-beaujolais-histoire-famille-2.jpg);  background-attachment:fixed;  \"><\/div>\n            <\/div>\n        \n          <\/div>\n                <div class=\"section-image bloc-animation-jcg\n                         padding-grand                                     largeur-grand                                    \" \n            style=\"background-color:#f4f4f4;\"\n          >\n\n            <div class=\"colonne-texte\n             typo-grand                                    \"\n                                    >\n              <h2 style=\"color:#b3996f;\">1986, the modern era<\/h2>\n              <div class=\"descriptif\" style=\"color:#888888;\"><p><strong>Annick and Jean-Marc took over stewardship of the estate<\/strong> and reinforced their aim to tend the vines to craft top notch wines, <strong>while developing a strong brand image.<\/strong><\/p>\n<\/div>\n                                          <div class=\"image\" style=\"background-image:url(https:\/\/dombelair.com\/en\/wp-content\/uploads\/2022\/03\/domaine-bel-air-beaujolais-histoire-famille-3-1.jpg);  background-attachment:fixed;  \"><\/div>\n            <\/div>\n        \n          <\/div>\n      \n<\/div>\n\n\n\n\n<div class=\"bloc-texte bloc-animation-jcg\n     hauteur-normal     typo-grand      \" style=\"\n  background-color: #fff;\n  text-align:left;\n  \"\n  >\n    <div class=\"wrapper-normal\">          <h2 style=\"color: #b3996f;\">1992, integrated, eco-friendly vine tending <br \/>with ever more respect for their terroirs.<\/h2>\n            <div class=\"descriptif\" style=\"color: #888888; column-count: 2;\"><p><strong>With passion and determination,<\/strong> they broke with the region\u2019s mainstream methods and, from 1992, formalised their use of integrated, <strong>eco-friendly vine tending techniques,<\/strong> always aiming to strengthen their respect for their terroirs.<\/p>\n<p>They equipped themselves with modern, high performance tools to fulfil their ambition: <strong>to offer wines that are faithful representations of each terroir the grapes come from.<\/strong><\/p>\n<\/div>\n          <\/div>\n<\/div>\n\n\n<div class=\"accueil-interne class-parallax bloc-animation-jcg\" style=\"background-image: url(https:\/\/dombelair.com\/en\/wp-content\/uploads\/2022\/03\/domaine-bel-air-beaujolais-histoire-famille-4-1.jpg);  background-attachment:fixed;  \">\n  <div class=\"bloc-contenu\n     hauteur-grand            \">\n\n                \n          \n            <div class=\"contenu\n                         typo-normal                        \" \n            style=\"text-align:left; vertical-align:middle;\"\n            >\n\n            <div class=\"wrapper-grand\" >                              \n\n              <a class=\"filtre\" style=\"background-color:rgba(179,153,111,0.9);\"\n                 \n              >\n                                  <h2 style=\"color: #ffffff;\">After that, they decided to grow the estate, <br \/>so that they can present a wider range of appellations: <br \/>setting out on a new adventure!<\/h2>\n                                              <\/a>\n\n              <\/div>\n              \n            <\/div>\n\n          \n          \n          \n                      \n    <\/div>\n<\/div>\n\n<div class=\"bloc-texte bloc-animation-jcg\n       hauteur-petit     typo-normal    \" style=\"\n  background-color: #fff;\n  text-align:center;\n  \"\n   id=\"bloctextefamilleconclusion\"  >\n    <div class=\"wrapper-normal\">          <h2 style=\"color: #555555;\">With a goodly number of awards and praise from the best well-known wine critics, wines by Domaine de Bel-Air are now being sold in over 50 countries.<\/h2>\n              <\/div>\n<\/div>\n\n<div class=\"bloc-citation bloc-animation-jcg\n       hauteur-petit     typo-normal    \" style=\"\n  background-color: #fff;\n  text-align:center;\n  \">\n  <div class=\"wrapper-grand\" >            <div class=\"citation\" style=\"color: #b3996f;\">\n      <i class=\"fas fa-quote-left\" style=\"display:block; padding:0 0 20px 0; margin:0\"><\/i>      What really makes us happy is that our wines are synonymous <br \/>\r\nwith sharing with friends and family and today, <br \/>\r\nmake up an integral part of daily life.      <i class=\"fas fa-quote-right\" style=\"display:block; padding:20px 0 0px 0; margin:0\"><\/i>    <\/div>\n      <\/div>\n<\/div>\n\n<div class=\"bloc-mosaique bloc-animation-jcg\n       hauteur-petit       typo-petit       hauteur-interne-petit\"\n style=\"\n  background-color:#fff;\n  text-align:center;\n\">\n\n  <div class=\"wrapper-grand\" >    \n    <ul class=\"mosaique\" style=\"border-spacing:10px\">\n\n            <li class=\"element\">\n        <div class=\"background\" style=\"background-image:url(https:\/\/dombelair.com\/en\/wp-content\/uploads\/2022\/03\/domaine-bel-air-travail-vigne-vignification-beaujolais-1.jpg);\"><\/div>\n        <div class=\"filtre\" style=\"opacity:0; background-color:#b3996f;\"><\/div>\n        <div class=\"bloc-slogan\"><span class=\"slogan\" style=\"background-color:#b3996f;\">Notre philosophie<\/span><\/div>\n        <h2><span class=\"big\">Notre philosophie <\/span>Notre Domaine, engag\u00e9 dans les d\u00e9marches environnementales, est certifi\u00e9 HVE 3<\/h2>\n        <h3>Ce dispositif de certification environnementale est issu du Grenelle de l\u2019environnement. Il permet d\u2019identifier et de valoriser les pratiques respectueuses de l\u2019environnement et porte sur des th\u00e9matiques cl\u00e9s : la biodiversit\u00e9, la gestion de la fertilisation et des ressources en eau.<\/h3>\n        <a href=\"https:\/\/dombelair.com\/fr\/notre-philosophie\/\">\n          <span class=\"bck\"><\/span>\n          <span class=\"bck-hover\" style=\"background-color:#b3996f;\"><\/span>\n          En savoir plus <i class=\"fa-classic fa-solid fa-right-long\" aria-hidden=\"true\"><\/i>        <\/a>\n      <\/li>\n            <li class=\"element\">\n        <div class=\"background\" style=\"background-image:url(https:\/\/dombelair.com\/en\/wp-content\/uploads\/2022\/03\/domaine-bel-air-convivialite-partage-beaujolais-beaujonomie-1.jpg);\"><\/div>\n        <div class=\"filtre\" style=\"opacity:0; background-color:#b3996f;\"><\/div>\n        <div class=\"bloc-slogan\"><span class=\"slogan\" style=\"background-color:#b3996f;\">Actualit\u00e9s<\/span><\/div>\n        <h2><span class=\"big\">Actualit\u00e9s <\/span>Lorem ipsum dolor nata delem posum<\/h2>\n        <h3>Lorem ipsum dolor sit amet, consectetur adipiscing elit. Nullam ullamcorper eleifend lectus, vel tincidunt nunc bibendum non. Quisque erat massa, consequat vel metus sit amet, fringilla dapibus nisi.<\/h3>\n        <a href=\"https:\/\/dombelair.com\/fr\/nos-actualites\/\">\n          <span class=\"bck\"><\/span>\n          <span class=\"bck-hover\" style=\"background-color:#b3996f;\"><\/span>\n          En savoir plus <i class=\"fa-classic fa-solid fa-right-long\" aria-hidden=\"true\"><\/i>        <\/a>\n      <\/li>\n            <li class=\"element\">\n        <div class=\"background\" style=\"background-image:url(https:\/\/dombelair.com\/en\/wp-content\/uploads\/2022\/03\/domaine-bel-air-fleurie-granits-roses-2-scaled.jpg);\"><\/div>\n        <div class=\"filtre\" style=\"opacity:0; background-color:#b3996f;\"><\/div>\n        <div class=\"bloc-slogan\"><span class=\"slogan\" style=\"background-color:#b3996f;\">Boutique en ligne<\/span><\/div>\n        <h2><span class=\"big\">Boutique en ligne <\/span>D\u00e9couvrez notre gamme de vins<\/h2>\n        <h3>Partout dans le monde, on craque pour nos \u00e9l\u00e9gants vins. D\u00e9licats, simples et d\u00e9licieux. D\u00e9couvrez et achetez nos vins en ligne, nous exp\u00e9dions par cartons de 6 bouteilles, panachage possible. Paiement par carte bancaire en ligne s\u00e9curis\u00e9.<\/h3>\n        <a href=\"https:\/\/dombelair.com\/fr\/nos-vins\/\">\n          <span class=\"bck\"><\/span>\n          <span class=\"bck-hover\" style=\"background-color:#b3996f;\"><\/span>\n          En savoir plus <i class=\"fa-classic fa-solid fa-right-long\" aria-hidden=\"true\"><\/i>        <\/a>\n      <\/li>\n            <li class=\"element\">\n        <div class=\"background\" style=\"background-image:url(https:\/\/dombelair.com\/en\/wp-content\/uploads\/2022\/03\/domaine-bel-air-travail-vigne-hve-beaujolais.jpg);\"><\/div>\n        <div class=\"filtre\" style=\"opacity:0; background-color:#b3996f;\"><\/div>\n        <div class=\"bloc-slogan\"><span class=\"slogan\" style=\"background-color:#b3996f;\">Nous contacter<\/span><\/div>\n        <h2><span class=\"big\">Nous contacter <\/span>Domaine de Bel-Air<\/h2>\n        <h3>Lorem ipsum dolor sit amet, consectetur adipiscing elit. Nullam ullamcorper eleifend lectus, vel tincidunt nunc bibendum non. Quisque erat massa, consequat vel metus sit amet, fringilla dapibus nisi.<\/h3>\n        <a href=\"https:\/\/dombelair.com\/fr\/contact\/\">\n          <span class=\"bck\"><\/span>\n          <span class=\"bck-hover\" style=\"background-color:#b3996f;\"><\/span>\n          En savoir plus <i class=\"fa-classic fa-solid fa-right-long\" aria-hidden=\"true\"><\/i>        <\/a>\n      <\/li>\n      \n    <\/ul>\n\n  <\/div>\n<\/div>","protected":false},"excerpt":{"rendered":"","protected":false},"author":1,"featured_media":0,"parent":0,"menu_order":0,"comment_status":"closed","ping_status":"closed","template":"gutenberg.php","meta":{"_acf_changed":false,"footnotes":""},"class_list":["post-3729","page","type-page","status-publish","hentry"],"acf":[],"_links":{"self":[{"href":"https:\/\/dombelair.com\/en\/wp-json\/wp\/v2\/pages\/3729","targetHints":{"allow":["GET"]}}],"collection":[{"href":"https:\/\/dombelair.com\/en\/wp-json\/wp\/v2\/pages"}],"about":[{"href":"https:\/\/dombelair.com\/en\/wp-json\/wp\/v2\/types\/page"}],"author":[{"embeddable":true,"href":"https:\/\/dombelair.com\/en\/wp-json\/wp\/v2\/users\/1"}],"replies":[{"embeddable":true,"href":"https:\/\/dombelair.com\/en\/wp-json\/wp\/v2\/comments?post=3729"}],"version-history":[{"count":48,"href":"https:\/\/dombelair.com\/en\/wp-json\/wp\/v2\/pages\/3729\/revisions"}],"predecessor-version":[{"id":4355,"href":"https:\/\/dombelair.com\/en\/wp-json\/wp\/v2\/pages\/3729\/revisions\/4355"}],"wp:attachment":[{"href":"https:\/\/dombelair.com\/en\/wp-json\/wp\/v2\/media?parent=3729"}],"curies":[{"name":"wp","href":"https:\/\/api.w.org\/{rel}","templated":true}]}}