{"id":3713,"date":"2022-01-20T15:59:16","date_gmt":"2022-01-20T14:59:16","guid":{"rendered":"https:\/\/client.jc-gien.fr\/domaine-bel-air\/?page_id=3713"},"modified":"2024-03-08T11:57:33","modified_gmt":"2024-03-08T10:57:33","slug":"our-wines","status":"publish","type":"page","link":"https:\/\/dombelair.com\/en\/our-wines\/","title":{"rendered":"Our wines"},"content":{"rendered":"\n<div class=\"accueil-interne class-parallax bloc-animation-jcg\" style=\"background-image: url(https:\/\/dombelair.com\/en\/wp-content\/uploads\/2022\/03\/domaine-bel-air-lafond-beaujolais-1.jpg); \">\n  <div class=\"bloc-contenu\n             hauteur-petit    \">\n\n              \n    <\/div>\n<\/div>\n\n\n<div class=\"bloc-cuvees bloc-animation-jcg\n     hauteur-normal       typo-normal  \"\n  style=\"text-align:center; background-color:#ffffff;\n\"\n>\n\n  <div class=\"wrapper-grand\" >    \n  <p class=\"titre\" style=\"color:#b3996f;\">Our range of wines<\/p>  <div class=\"descriptif\" style=\"color:#888;\"><p><strong>People are falling for our elegant, simple and delicious wines all over the world.<\/strong><\/p>\n<p><span style=\"text-decoration: underline\">online sales and shipping only via our French website.<\/span><\/p>\n<\/div>\n\n      <style type=\"text\/css\">\n      .bloc-cuvees .tri-cuvees li a{color:#b3996f; border:solid 1px #b3996f;}\n    <\/style>\n    \n                <ul class=\"tri-cuvees\">\n            <li id=\"tous\" class=\"active\"><a>Show all<\/a><\/li>\n                          <li id=\"cuvees-classiques\"><a>classic cuv\u00e9es<\/a><\/li>\n                            <li id=\"selections-jml\"><a>Jean-Marc Lafont selection<\/a><\/li>\n                            <li id=\"vins-nouveaux\"><a>Nouveau wines<\/a><\/li>\n                            <li id=\"cuvees-parcellaires\"><a>single vineyard cuv\u00e9es<\/a><\/li>\n                        <\/ul>\n            \n  \n\n\n    <ul class=\"mosaique-cuvees\">\n            <li class=\"cuvees-classiques \">\n       \n          <img decoding=\"async\" src=\"https:\/\/dombelair.com\/en\/wp-content\/uploads\/2022\/03\/Domaine-bel-air-bouteille-vin-beaujolais-villages-granits-bleus.jpg\" alt=\"Beaujolais-Villages\" class=\"openboximg\" \/>\n          <div class=\"contenutitre\">\n            <h2 style=\"color:#b3996f;\">Beaujolais-Villages<\/h2>\n            <h3 style=\"color:#888;\">Les Granits Bleus<\/h3>\n          <\/div>\n          <a class=\"push\" href=\"https:\/\/dombelair.com\/en\/our-wines\/beaujolais-villages-les-granits-bleus\/\">\n            <span class=\"bck-hover\" style=\"background-color:#b3996f;\"><\/span>\n            <span class=\"texte\">Find out more  <i class=\"fa-solid fa-plus\"><\/i><\/span>\n          <\/a>\n          <a class=\"push\" target=\"_blank\" href=\"https:\/\/dombelair.com\/fr\/nos-vins\/\">\n            <span class=\"bck-hover\" style=\"background-color:#b3996f;\"><\/span>\n            <span class=\"texte\">Buy <i class=\"fas fa-shopping-cart\"><\/i><\/span>\n          <\/a>\n          \n      <\/li>\n            <li class=\"cuvees-classiques \">\n       \n          <img decoding=\"async\" src=\"https:\/\/dombelair.com\/en\/wp-content\/uploads\/2022\/03\/Domaine-bel-air-bouteille-vin-regnie-la-ronze.jpg\" alt=\"R\u00e9gni\u00e9\" class=\"openboximg\" \/>\n          <div class=\"contenutitre\">\n            <h2 style=\"color:#b3996f;\">R\u00e9gni\u00e9<\/h2>\n            <h3 style=\"color:#888;\">La Ronze<\/h3>\n          <\/div>\n          <a class=\"push\" href=\"https:\/\/dombelair.com\/en\/our-wines\/regnie-la-ronze\/\">\n            <span class=\"bck-hover\" style=\"background-color:#b3996f;\"><\/span>\n            <span class=\"texte\">Find out more  <i class=\"fa-solid fa-plus\"><\/i><\/span>\n          <\/a>\n          <a class=\"push\" target=\"_blank\" href=\"https:\/\/dombelair.com\/fr\/nos-vins\/\">\n            <span class=\"bck-hover\" style=\"background-color:#b3996f;\"><\/span>\n            <span class=\"texte\">Buy <i class=\"fas fa-shopping-cart\"><\/i><\/span>\n          <\/a>\n          \n      <\/li>\n            <li class=\"cuvees-classiques \">\n       \n          <img decoding=\"async\" src=\"https:\/\/dombelair.com\/en\/wp-content\/uploads\/2022\/03\/Domaine-bel-air-bouteille-vin-brouilly-briante.jpg\" alt=\"Brouilly\" class=\"openboximg\" \/>\n          <div class=\"contenutitre\">\n            <h2 style=\"color:#b3996f;\">Brouilly<\/h2>\n            <h3 style=\"color:#888;\">Briante<\/h3>\n          <\/div>\n          <a class=\"push\" href=\"https:\/\/dombelair.com\/en\/our-wines\/brouilly\/\">\n            <span class=\"bck-hover\" style=\"background-color:#b3996f;\"><\/span>\n            <span class=\"texte\">Find out more  <i class=\"fa-solid fa-plus\"><\/i><\/span>\n          <\/a>\n          <a class=\"push\" target=\"_blank\" href=\"https:\/\/dombelair.com\/fr\/nos-vins\/\">\n            <span class=\"bck-hover\" style=\"background-color:#b3996f;\"><\/span>\n            <span class=\"texte\">Buy <i class=\"fas fa-shopping-cart\"><\/i><\/span>\n          <\/a>\n          \n      <\/li>\n            <li class=\"cuvees-classiques \">\n       \n          <img decoding=\"async\" src=\"https:\/\/dombelair.com\/en\/wp-content\/uploads\/2022\/03\/Domaine-bel-air-bouteille-vin-fleurie-granits-roses.jpg\" alt=\"Fleurie\" class=\"openboximg\" \/>\n          <div class=\"contenutitre\">\n            <h2 style=\"color:#b3996f;\">Fleurie<\/h2>\n            <h3 style=\"color:#888;\">Granits Roses<\/h3>\n          <\/div>\n          <a class=\"push\" href=\"https:\/\/dombelair.com\/en\/our-wines\/fleurie-les-granits-roses\/\">\n            <span class=\"bck-hover\" style=\"background-color:#b3996f;\"><\/span>\n            <span class=\"texte\">Find out more  <i class=\"fa-solid fa-plus\"><\/i><\/span>\n          <\/a>\n          <a class=\"push\" target=\"_blank\" href=\"https:\/\/dombelair.com\/fr\/nos-vins\/\">\n            <span class=\"bck-hover\" style=\"background-color:#b3996f;\"><\/span>\n            <span class=\"texte\">Buy <i class=\"fas fa-shopping-cart\"><\/i><\/span>\n          <\/a>\n          \n      <\/li>\n            <li class=\"cuvees-classiques \">\n       \n          <img decoding=\"async\" src=\"https:\/\/dombelair.com\/en\/wp-content\/uploads\/2022\/03\/Domaine-bel-air-bouteille-vin-morgon-les-charmes.jpg\" alt=\"Morgon\" class=\"openboximg\" \/>\n          <div class=\"contenutitre\">\n            <h2 style=\"color:#b3996f;\">Morgon<\/h2>\n            <h3 style=\"color:#888;\">Les Charmes<\/h3>\n          <\/div>\n          <a class=\"push\" href=\"https:\/\/dombelair.com\/en\/our-wines\/morgon-les-charmes\/\">\n            <span class=\"bck-hover\" style=\"background-color:#b3996f;\"><\/span>\n            <span class=\"texte\">Find out more  <i class=\"fa-solid fa-plus\"><\/i><\/span>\n          <\/a>\n          <a class=\"push\" target=\"_blank\" href=\"https:\/\/dombelair.com\/fr\/nos-vins\/\">\n            <span class=\"bck-hover\" style=\"background-color:#b3996f;\"><\/span>\n            <span class=\"texte\">Buy <i class=\"fas fa-shopping-cart\"><\/i><\/span>\n          <\/a>\n          \n      <\/li>\n            <li class=\"cuvees-classiques \">\n       \n          <img decoding=\"async\" src=\"https:\/\/dombelair.com\/en\/wp-content\/uploads\/2022\/03\/Domaine-bel-air-bouteille-vin-moulin-a-vent-les-burdelines.jpg\" alt=\"Moulin \u00e0 Vent\" class=\"openboximg\" \/>\n          <div class=\"contenutitre\">\n            <h2 style=\"color:#b3996f;\">Moulin \u00e0 Vent<\/h2>\n            <h3 style=\"color:#888;\">Les Burdelines<\/h3>\n          <\/div>\n          <a class=\"push\" href=\"https:\/\/dombelair.com\/en\/our-wines\/moulin-a-vent-les-burdelines\/\">\n            <span class=\"bck-hover\" style=\"background-color:#b3996f;\"><\/span>\n            <span class=\"texte\">Find out more  <i class=\"fa-solid fa-plus\"><\/i><\/span>\n          <\/a>\n          <a class=\"push\" target=\"_blank\" href=\"https:\/\/dombelair.com\/fr\/nos-vins\/\">\n            <span class=\"bck-hover\" style=\"background-color:#b3996f;\"><\/span>\n            <span class=\"texte\">Buy <i class=\"fas fa-shopping-cart\"><\/i><\/span>\n          <\/a>\n          \n      <\/li>\n            <li class=\"cuvees-parcellaires \">\n       \n          <img decoding=\"async\" src=\"https:\/\/dombelair.com\/en\/wp-content\/uploads\/2022\/03\/Domaine-bel-air-bouteille-vin-brouilly-gorges-de-loup.jpg\" alt=\"Brouilly \" class=\"openboximg\" \/>\n          <div class=\"contenutitre\">\n            <h2 style=\"color:#b3996f;\">Brouilly <\/h2>\n            <h3 style=\"color:#888;\">Gorge de Loup<\/h3>\n          <\/div>\n          <a class=\"push\" href=\"https:\/\/dombelair.com\/en\/our-wines\/brouilly-gorge-de-loup\/\">\n            <span class=\"bck-hover\" style=\"background-color:#b3996f;\"><\/span>\n            <span class=\"texte\">Find out more  <i class=\"fa-solid fa-plus\"><\/i><\/span>\n          <\/a>\n          <a class=\"push\" target=\"_blank\" href=\"https:\/\/dombelair.com\/fr\/nos-vins\/\">\n            <span class=\"bck-hover\" style=\"background-color:#b3996f;\"><\/span>\n            <span class=\"texte\">Buy <i class=\"fas fa-shopping-cart\"><\/i><\/span>\n          <\/a>\n          \n      <\/li>\n            <li class=\"cuvees-parcellaires \">\n       \n          <img decoding=\"async\" src=\"https:\/\/dombelair.com\/en\/wp-content\/uploads\/2022\/03\/Domaine-bel-air-bouteille-vin-morgon-grand-charme.jpg\" alt=\"Morgon\" class=\"openboximg\" \/>\n          <div class=\"contenutitre\">\n            <h2 style=\"color:#b3996f;\">Morgon<\/h2>\n            <h3 style=\"color:#888;\">Grand Charme<\/h3>\n          <\/div>\n          <a class=\"push\" href=\"https:\/\/dombelair.com\/en\/our-wines\/morgon-grands-charmes\/\">\n            <span class=\"bck-hover\" style=\"background-color:#b3996f;\"><\/span>\n            <span class=\"texte\">Find out more  <i class=\"fa-solid fa-plus\"><\/i><\/span>\n          <\/a>\n          <a class=\"push\" target=\"_blank\" href=\"https:\/\/dombelair.com\/fr\/nos-vins\/\">\n            <span class=\"bck-hover\" style=\"background-color:#b3996f;\"><\/span>\n            <span class=\"texte\">Buy <i class=\"fas fa-shopping-cart\"><\/i><\/span>\n          <\/a>\n          \n      <\/li>\n            <li class=\"cuvees-parcellaires \">\n       \n          <img decoding=\"async\" src=\"https:\/\/dombelair.com\/en\/wp-content\/uploads\/2022\/03\/Domaine-bel-air-bouteille-vin-moulin-a-vent-granit-manganese.jpg\" alt=\"Moulin \u00e0 Vent\" class=\"openboximg\" \/>\n          <div class=\"contenutitre\">\n            <h2 style=\"color:#b3996f;\">Moulin \u00e0 Vent<\/h2>\n            <h3 style=\"color:#888;\">Granit &amp; Mangan\u00e8se<\/h3>\n          <\/div>\n          <a class=\"push\" href=\"https:\/\/dombelair.com\/en\/our-wines\/moulin-a-vent-granit-manganese\/\">\n            <span class=\"bck-hover\" style=\"background-color:#b3996f;\"><\/span>\n            <span class=\"texte\">Find out more  <i class=\"fa-solid fa-plus\"><\/i><\/span>\n          <\/a>\n          <a class=\"push\" target=\"_blank\" href=\"https:\/\/dombelair.com\/fr\/nos-vins\/\">\n            <span class=\"bck-hover\" style=\"background-color:#b3996f;\"><\/span>\n            <span class=\"texte\">Buy <i class=\"fas fa-shopping-cart\"><\/i><\/span>\n          <\/a>\n          \n      <\/li>\n            <li class=\"selections-jml \">\n       \n          <img decoding=\"async\" src=\"https:\/\/dombelair.com\/en\/wp-content\/uploads\/2022\/03\/Domaine-bel-air-bouteille-vin-beaujolais-blanc-selection-jean-marc-lafond.jpg\" alt=\"Beaujolais Blanc\" class=\"openboximg\" \/>\n          <div class=\"contenutitre\">\n            <h2 style=\"color:#b3996f;\">Beaujolais Blanc<\/h2>\n            <h3 style=\"color:#888;\">Jean-Marc Lafont selections<\/h3>\n          <\/div>\n          <a class=\"push\" href=\"https:\/\/dombelair.com\/en\/our-wines\/beaujolais-blanc-selection-jean-marc-lafont\/\">\n            <span class=\"bck-hover\" style=\"background-color:#b3996f;\"><\/span>\n            <span class=\"texte\">Find out more  <i class=\"fa-solid fa-plus\"><\/i><\/span>\n          <\/a>\n          <a class=\"push\" target=\"_blank\" href=\"https:\/\/dombelair.com\/fr\/nos-vins\/\">\n            <span class=\"bck-hover\" style=\"background-color:#b3996f;\"><\/span>\n            <span class=\"texte\">Buy <i class=\"fas fa-shopping-cart\"><\/i><\/span>\n          <\/a>\n          \n      <\/li>\n            <li class=\"selections-jml \">\n       \n          <img decoding=\"async\" src=\"https:\/\/dombelair.com\/en\/wp-content\/uploads\/2022\/03\/Domaine-bel-air-bouteille-vin-saint-veran-selection-jean-marc-lafont.jpg\" alt=\"Saint V\u00e9ran\" class=\"openboximg\" \/>\n          <div class=\"contenutitre\">\n            <h2 style=\"color:#b3996f;\">Saint V\u00e9ran<\/h2>\n            <h3 style=\"color:#888;\">Jean-Marc Lafont selections<\/h3>\n          <\/div>\n          <a class=\"push\" href=\"https:\/\/dombelair.com\/en\/our-wines\/saint-veran-selection-jean-marc-lafont\/\">\n            <span class=\"bck-hover\" style=\"background-color:#b3996f;\"><\/span>\n            <span class=\"texte\">Find out more  <i class=\"fa-solid fa-plus\"><\/i><\/span>\n          <\/a>\n          <a class=\"push\" target=\"_blank\" href=\"https:\/\/dombelair.com\/fr\/nos-vins\/\">\n            <span class=\"bck-hover\" style=\"background-color:#b3996f;\"><\/span>\n            <span class=\"texte\">Buy <i class=\"fas fa-shopping-cart\"><\/i><\/span>\n          <\/a>\n          \n      <\/li>\n            <li class=\"selections-jml \">\n       \n          <img decoding=\"async\" src=\"https:\/\/dombelair.com\/en\/wp-content\/uploads\/2022\/03\/Domaine-bel-air-bouteille-vin-pouilly-fuisse-selection-jean-marc-lafont.jpg\" alt=\"Pouilly Fuiss\u00e9\" class=\"openboximg\" \/>\n          <div class=\"contenutitre\">\n            <h2 style=\"color:#b3996f;\">Pouilly Fuiss\u00e9<\/h2>\n            <h3 style=\"color:#888;\">Jean-Marc Lafont selections<\/h3>\n          <\/div>\n          <a class=\"push\" href=\"https:\/\/dombelair.com\/en\/our-wines\/pouilly-fuisse-selection-jean-marc-lafont\/\">\n            <span class=\"bck-hover\" style=\"background-color:#b3996f;\"><\/span>\n            <span class=\"texte\">Find out more  <i class=\"fa-solid fa-plus\"><\/i><\/span>\n          <\/a>\n          <a class=\"push\" target=\"_blank\" href=\"https:\/\/dombelair.com\/fr\/nos-vins\/\">\n            <span class=\"bck-hover\" style=\"background-color:#b3996f;\"><\/span>\n            <span class=\"texte\">Buy <i class=\"fas fa-shopping-cart\"><\/i><\/span>\n          <\/a>\n          \n      <\/li>\n            <li class=\"selections-jml \">\n       \n          <img decoding=\"async\" src=\"https:\/\/dombelair.com\/en\/wp-content\/uploads\/2022\/03\/Domaine-bel-air-bouteille-vin-cremant-de-bourgogne.jpg\" alt=\"Cr\u00e9mant de Bourgogne\" class=\"openboximg\" \/>\n          <div class=\"contenutitre\">\n            <h2 style=\"color:#b3996f;\">Cr\u00e9mant de Bourgogne<\/h2>\n            <h3 style=\"color:#888;\">Jean-Marc Lafont selections<\/h3>\n          <\/div>\n          <a class=\"push\" href=\"https:\/\/dombelair.com\/en\/our-wines\/cremant-de-bourgogne-selection-jean-marc-lafont\/\">\n            <span class=\"bck-hover\" style=\"background-color:#b3996f;\"><\/span>\n            <span class=\"texte\">Find out more  <i class=\"fa-solid fa-plus\"><\/i><\/span>\n          <\/a>\n          <a class=\"push\" target=\"_blank\" href=\"https:\/\/dombelair.com\/fr\/nos-vins\/\">\n            <span class=\"bck-hover\" style=\"background-color:#b3996f;\"><\/span>\n            <span class=\"texte\">Buy <i class=\"fas fa-shopping-cart\"><\/i><\/span>\n          <\/a>\n          \n      <\/li>\n            <li class=\"selections-jml \">\n       \n          <img decoding=\"async\" src=\"https:\/\/dombelair.com\/en\/wp-content\/uploads\/2022\/03\/Domaine-bel-air-bouteille-vin-chiroubles-selection-jean-marc-lafont.jpg\" alt=\"Chiroubles\" class=\"openboximg\" \/>\n          <div class=\"contenutitre\">\n            <h2 style=\"color:#b3996f;\">Chiroubles<\/h2>\n            <h3 style=\"color:#888;\">Jean-Marc Lafont selections<\/h3>\n          <\/div>\n          <a class=\"push\" href=\"https:\/\/dombelair.com\/en\/our-wines\/chiroubles-selection-jean-marc-lafont\/\">\n            <span class=\"bck-hover\" style=\"background-color:#b3996f;\"><\/span>\n            <span class=\"texte\">Find out more  <i class=\"fa-solid fa-plus\"><\/i><\/span>\n          <\/a>\n          <a class=\"push\" target=\"_blank\" href=\"https:\/\/dombelair.com\/fr\/nos-vins\/\">\n            <span class=\"bck-hover\" style=\"background-color:#b3996f;\"><\/span>\n            <span class=\"texte\">Buy <i class=\"fas fa-shopping-cart\"><\/i><\/span>\n          <\/a>\n          \n      <\/li>\n            <li class=\"selections-jml \">\n       \n          <img decoding=\"async\" src=\"https:\/\/dombelair.com\/en\/wp-content\/uploads\/2022\/03\/Domaine-bel-air-bouteille-vin-julienas-selection-jean-marc-lafont.jpg\" alt=\"Juli\u00e9nas\" class=\"openboximg\" \/>\n          <div class=\"contenutitre\">\n            <h2 style=\"color:#b3996f;\">Juli\u00e9nas<\/h2>\n            <h3 style=\"color:#888;\">Jean-Marc Lafont selections<\/h3>\n          <\/div>\n          <a class=\"push\" href=\"https:\/\/dombelair.com\/en\/our-wines\/julienas-selection-jean-marc-lafont\/\">\n            <span class=\"bck-hover\" style=\"background-color:#b3996f;\"><\/span>\n            <span class=\"texte\">Find out more  <i class=\"fa-solid fa-plus\"><\/i><\/span>\n          <\/a>\n          <a class=\"push\" target=\"_blank\" href=\"https:\/\/dombelair.com\/fr\/nos-vins\/\">\n            <span class=\"bck-hover\" style=\"background-color:#b3996f;\"><\/span>\n            <span class=\"texte\">Buy <i class=\"fas fa-shopping-cart\"><\/i><\/span>\n          <\/a>\n          \n      <\/li>\n            <li class=\"selections-jml \">\n       \n          <img decoding=\"async\" src=\"https:\/\/dombelair.com\/en\/wp-content\/uploads\/2022\/03\/Domaine-bel-air-bouteille-vin-saint-amour-selection-jean-marc-lafont.jpg\" alt=\"Saint Amour\" class=\"openboximg\" \/>\n          <div class=\"contenutitre\">\n            <h2 style=\"color:#b3996f;\">Saint Amour<\/h2>\n            <h3 style=\"color:#888;\">Jean-Marc Lafont selections<\/h3>\n          <\/div>\n          <a class=\"push\" href=\"https:\/\/dombelair.com\/en\/our-wines\/saint-amour-selection-jean-marc-lafont\/\">\n            <span class=\"bck-hover\" style=\"background-color:#b3996f;\"><\/span>\n            <span class=\"texte\">Find out more  <i class=\"fa-solid fa-plus\"><\/i><\/span>\n          <\/a>\n          <a class=\"push\" target=\"_blank\" href=\"https:\/\/dombelair.com\/fr\/nos-vins\/\">\n            <span class=\"bck-hover\" style=\"background-color:#b3996f;\"><\/span>\n            <span class=\"texte\">Buy <i class=\"fas fa-shopping-cart\"><\/i><\/span>\n          <\/a>\n          \n      <\/li>\n            <li class=\"vins-nouveaux \">\n       \n          <img decoding=\"async\" src=\"https:\/\/dombelair.com\/en\/wp-content\/uploads\/2022\/03\/Domaine-bel-air-bouteille-vin-beaujolais-nouveau-ephemere.jpg\" alt=\"Beaujolais Nouveau\" class=\"openboximg\" \/>\n          <div class=\"contenutitre\">\n            <h2 style=\"color:#b3996f;\">Beaujolais Nouveau<\/h2>\n            <h3 style=\"color:#888;\">\u00c9ph\u00e9m\u00e8re<\/h3>\n          <\/div>\n          <a class=\"push\" href=\"https:\/\/dombelair.com\/en\/our-wines\/beaujolais-nouveau-ephemere\/\">\n            <span class=\"bck-hover\" style=\"background-color:#b3996f;\"><\/span>\n            <span class=\"texte\">Find out more  <i class=\"fa-solid fa-plus\"><\/i><\/span>\n          <\/a>\n          <a class=\"push\" target=\"_blank\" href=\"https:\/\/dombelair.com\/fr\/nos-vins\/\">\n            <span class=\"bck-hover\" style=\"background-color:#b3996f;\"><\/span>\n            <span class=\"texte\">Buy <i class=\"fas fa-shopping-cart\"><\/i><\/span>\n          <\/a>\n          \n      <\/li>\n            <li class=\"vins-nouveaux \">\n       \n          <img decoding=\"async\" src=\"https:\/\/dombelair.com\/en\/wp-content\/uploads\/2024\/06\/domaine-bel-air-beaujlais-villages-nouveau-jean.png\" alt=\"Beaujolais Villages Nouveau\" class=\"openboximg\" \/>\n          <div class=\"contenutitre\">\n            <h2 style=\"color:#b3996f;\">Beaujolais Villages Nouveau<\/h2>\n            <h3 style=\"color:#888;\">Cuv\u00e9e Jean<\/h3>\n          <\/div>\n          <a class=\"push\" href=\"https:\/\/dombelair.com\/en\/our-wines\/beaujolais-villages-nouveau-cuvee-jean\/\">\n            <span class=\"bck-hover\" style=\"background-color:#b3996f;\"><\/span>\n            <span class=\"texte\">Find out more  <i class=\"fa-solid fa-plus\"><\/i><\/span>\n          <\/a>\n          <a class=\"push\" target=\"_blank\" href=\"https:\/\/dombelair.com\/fr\/nos-vins\/\">\n            <span class=\"bck-hover\" style=\"background-color:#b3996f;\"><\/span>\n            <span class=\"texte\">Buy <i class=\"fas fa-shopping-cart\"><\/i><\/span>\n          <\/a>\n          \n      <\/li>\n            <li class=\"vins-nouveaux \">\n       \n          <img decoding=\"async\" src=\"https:\/\/dombelair.com\/en\/wp-content\/uploads\/2022\/03\/Domaine-bel-air-bouteille-vin-beaujolais-villages-nouveau-cuvee-100.jpg\" alt=\"Beaujolais-Villages Nouveau\" class=\"openboximg\" \/>\n          <div class=\"contenutitre\">\n            <h2 style=\"color:#b3996f;\">Beaujolais-Villages Nouveau<\/h2>\n            <h3 style=\"color:#888;\">Cuv\u00e9e Cent<\/h3>\n          <\/div>\n          <a class=\"push\" href=\"https:\/\/dombelair.com\/en\/our-wines\/beaujolais-villages-nouveau-cuvee-cent\/\">\n            <span class=\"bck-hover\" style=\"background-color:#b3996f;\"><\/span>\n            <span class=\"texte\">Find out more  <i class=\"fa-solid fa-plus\"><\/i><\/span>\n          <\/a>\n          <a class=\"push\" target=\"_blank\" href=\"https:\/\/dombelair.com\/fr\/nos-vins\/\">\n            <span class=\"bck-hover\" style=\"background-color:#b3996f;\"><\/span>\n            <span class=\"texte\">Buy <i class=\"fas fa-shopping-cart\"><\/i><\/span>\n          <\/a>\n          \n      <\/li>\n          <\/ul>\n    <div class=\"clear\"><\/div>\n  <\/div>\n<\/div>\n\n","protected":false},"excerpt":{"rendered":"","protected":false},"author":1,"featured_media":0,"parent":0,"menu_order":0,"comment_status":"closed","ping_status":"closed","template":"gutenberg.php","meta":{"_acf_changed":false,"footnotes":""},"class_list":["post-3713","page","type-page","status-publish","hentry"],"acf":[],"_links":{"self":[{"href":"https:\/\/dombelair.com\/en\/wp-json\/wp\/v2\/pages\/3713","targetHints":{"allow":["GET"]}}],"collection":[{"href":"https:\/\/dombelair.com\/en\/wp-json\/wp\/v2\/pages"}],"about":[{"href":"https:\/\/dombelair.com\/en\/wp-json\/wp\/v2\/types\/page"}],"author":[{"embeddable":true,"href":"https:\/\/dombelair.com\/en\/wp-json\/wp\/v2\/users\/1"}],"replies":[{"embeddable":true,"href":"https:\/\/dombelair.com\/en\/wp-json\/wp\/v2\/comments?post=3713"}],"version-history":[{"count":24,"href":"https:\/\/dombelair.com\/en\/wp-json\/wp\/v2\/pages\/3713\/revisions"}],"predecessor-version":[{"id":4380,"href":"https:\/\/dombelair.com\/en\/wp-json\/wp\/v2\/pages\/3713\/revisions\/4380"}],"wp:attachment":[{"href":"https:\/\/dombelair.com\/en\/wp-json\/wp\/v2\/media?parent=3713"}],"curies":[{"name":"wp","href":"https:\/\/api.w.org\/{rel}","templated":true}]}}